{"id":575,"date":"2017-05-29T10:56:51","date_gmt":"2017-05-29T10:56:51","guid":{"rendered":"http:\/\/metrom.adteam.ro\/?page_id=575"},"modified":"2026-03-28T14:17:32","modified_gmt":"2026-03-28T14:17:32","slug":"redebitari-fasieri-benzi","status":"publish","type":"page","link":"https:\/\/metrom.ro\/en\/redebitari-fasieri-benzi\/","title":{"rendered":"Strip debiters\u00a0"},"content":{"rendered":"<div class=\"metrom-service-page\">\n\n  <section class=\"metrom-service-hero\">\n    <div class=\"metrom-service-hero-inner\">\n      <div class=\"metrom-service-breadcrumb\">\n        <a href=\"\/en\/servicii\/\">Services<\/a>\n        <span>\u203a<\/span>\n        <span>Redebit\u0103ri (f\u00e2\u0219ieri) benzi<\/span>\n      <\/div>\n\n      <span class=\"metrom-service-badge\">SERVICIU METROM<\/span>\n\n      <h1 class=\"metrom-service-title\">Redebit\u0103ri (f\u00e2\u0219ieri) benzi<\/h1>\n\n      <p class=\"metrom-service-lead\">\n        Execut\u0103m redebit\u0103ri (f\u00e2\u0219ieri) pentru benzi din aluminiu, alam\u0103 \u0219i cupru \u00een rulouri,\n        pentru diferite grosimi \u0219i aplica\u021bii industriale.\n      <\/p>\n    <\/div>\n  <\/section>\n\n  <section class=\"metrom-service-gallery-section\">\n  <div class=\"metrom-section-head\">\n    <p class=\"metrom-section-kicker\">GALERIE<\/p>\n    <h2>Representative images<\/h2>\n  <\/div>\n\n  <div class=\"metrom-service-gallery metrom-service-gallery--selected\">\n    <a href=\"https:\/\/metrom.ro\/wp-content\/uploads\/2017\/03\/producator-de-neferoase-cupru-alama-in-romania-945x326.jpg\" class=\"metrom-gallery-card\">\n      <img decoding=\"async\" src=\"https:\/\/metrom.ro\/wp-content\/uploads\/2017\/03\/producator-de-neferoase-cupru-alama-in-romania-945x326.jpg\" alt=\"Utilaj pentru redebitare benzi\">\n    <\/a>\n\n    <a href=\"https:\/\/metrom.ro\/wp-content\/uploads\/2017\/03\/benzi-de-cupru-945x326.jpg\" class=\"metrom-gallery-card\">\n      <img decoding=\"async\" src=\"https:\/\/metrom.ro\/wp-content\/uploads\/2017\/03\/benzi-de-cupru-945x326.jpg\" alt=\"Benzi din cupru\">\n    <\/a>\n\n    <a href=\"https:\/\/metrom.ro\/wp-content\/uploads\/2017\/03\/benzi-de-alama-945x326.jpg\" class=\"metrom-gallery-card\">\n      <img decoding=\"async\" src=\"https:\/\/metrom.ro\/wp-content\/uploads\/2017\/03\/benzi-de-alama-945x326.jpg\" alt=\"Benzi din alam\u0103\">\n    <\/a>\n\n    <a href=\"https:\/\/metrom.ro\/wp-content\/uploads\/2017\/03\/table-de-cupru-table-de-alama-945x326.jpg\" class=\"metrom-gallery-card\">\n      <img decoding=\"async\" src=\"https:\/\/metrom.ro\/wp-content\/uploads\/2017\/03\/table-de-cupru-table-de-alama-945x326.jpg\" alt=\"Materiale din cupru \u0219i alam\u0103\">\n    <\/a>\n  <\/div>\n<\/section>\n\n  <section class=\"metrom-service-section\">\n    <div class=\"metrom-section-head\">\n      <p class=\"metrom-section-kicker\">CAPACIT\u0102\u021aI<\/p>\n      <h2>Intervale de lucru<\/h2>\n    <\/div>\n\n    <div class=\"metrom-service-two-cols\">\n      <article class=\"metrom-info-panel\">\n        <h3>F\u00e2\u0219ieri benzi \u00een rulouri<\/h3>\n        <p>\n          Redebit\u0103ri pentru benzi din aluminiu, alam\u0103 \u0219i cupru \u00een rulouri,\n          cu grosimi cuprinse \u00eentre <strong>0.1 \u0219i 0.3 mm<\/strong>.\n        <\/p>\n      <\/article>\n\n      <article class=\"metrom-info-panel\">\n        <h3>F\u00e2\u0219ieri pentru grosimi extinse<\/h3>\n        <p>\n          Execut\u0103m redebit\u0103ri \u0219i pentru benzi din aluminiu, alam\u0103 \u0219i cupru \u00een rulouri,\n          cu grosime band\u0103 \u00eentre <strong>0.20 \u0219i 1.5 mm<\/strong>.\n        <\/p>\n      <\/article>\n    <\/div>\n  <\/section>\n\n  <section class=\"metrom-service-section metrom-service-section--soft\">\n    <div class=\"metrom-service-two-cols\">\n      <div class=\"metrom-info-panel\">\n        <p class=\"metrom-section-kicker\">MATERIALE<\/p>\n        <h2>Materiale prelucrate<\/h2>\n        <ul class=\"metrom-check-list\">\n          <li>Aluminiu<\/li>\n          <li>Alam\u0103<\/li>\n          <li>Cupru<\/li>\n        <\/ul>\n      <\/div>\n\n      <div class=\"metrom-info-panel\">\n        <p class=\"metrom-section-kicker\">LIVRARE<\/p>\n        <h2>Form\u0103 de execu\u021bie<\/h2>\n        <ul class=\"metrom-check-list\">\n          <li>Benzi \u00een rulouri<\/li>\n          <li>Execu\u021bii conform cerin\u021belor de debitare<\/li>\n          <li>Solu\u021bii pentru aplica\u021bii industriale diverse<\/li>\n        <\/ul>\n      <\/div>\n    <\/div>\n  <\/section>\n\n  <section class=\"metrom-service-cta-section\">\n    <div class=\"metrom-service-cta\">\n      <div class=\"metrom-service-cta-text\">\n        <p class=\"metrom-section-kicker\">CONTACT<\/p>\n        <h2>Pentru detalii privind capacit\u0103\u021bile de redebitare \u0219i condi\u021biile de execu\u021bie, contacta\u021bi-ne.<\/h2>\n        <p>\n          Str. Carpa\u021bilor 60, Brasov 500269<br>\n          Tel: 0734 889555 \/ 0268 332 077<br>\n          Email: metrom.metrom@gmail.com\n        <\/p>\n      <\/div>\n\n      <div class=\"metrom-service-cta-actions\">\n        <a href=\"\/en\/contact\/\" class=\"metrom-btn metrom-btn-primary\">Solicita\u021bi informa\u021bii<\/a>\n        <a href=\"mailto:metrom.metrom@gmail.com\" class=\"metrom-btn metrom-btn-secondary\">Send email<\/a>\n      <\/div>\n    <\/div>\n  <\/section>\n\n<\/div>","protected":false},"excerpt":{"rendered":"<p>Servicii \u203a Redebit\u0103ri (f\u00e2\u0219ieri) benzi SERVICIU METROM Redebit\u0103ri (f\u00e2\u0219ieri) benzi Execut\u0103m redebit\u0103ri (f\u00e2\u0219ieri) pentru benzi din aluminiu, alam\u0103 \u0219i cupru \u00een rulouri, pentru diferite grosimi \u0219i aplica\u021bii industriale. GALERIE Imagini reprezentative CAPACIT\u0102\u021aI Intervale de lucru F\u00e2\u0219ieri benzi \u00een rulouri Redebit\u0103ri pentru benzi din aluminiu, alam\u0103 \u0219i cupru \u00een rulouri, cu grosimi cuprinse \u00eentre 0.1 \u0219i&#8230;<\/p>","protected":false},"author":1,"featured_media":0,"parent":0,"menu_order":0,"comment_status":"closed","ping_status":"closed","template":"template-full-width.php","meta":{"_kad_post_transparent":"","_kad_post_title":"","_kad_post_layout":"","_kad_post_sidebar_id":"","_kad_post_content_style":"","_kad_post_vertical_padding":"","_kad_post_feature":"","_kad_post_feature_position":"","_kad_post_header":false,"_kad_post_footer":false,"_kad_post_classname":"","footnotes":""},"class_list":["post-575","page","type-page","status-publish","hentry"],"_links":{"self":[{"href":"https:\/\/metrom.ro\/en\/wp-json\/wp\/v2\/pages\/575","targetHints":{"allow":["GET"]}}],"collection":[{"href":"https:\/\/metrom.ro\/en\/wp-json\/wp\/v2\/pages"}],"about":[{"href":"https:\/\/metrom.ro\/en\/wp-json\/wp\/v2\/types\/page"}],"author":[{"embeddable":true,"href":"https:\/\/metrom.ro\/en\/wp-json\/wp\/v2\/users\/1"}],"replies":[{"embeddable":true,"href":"https:\/\/metrom.ro\/en\/wp-json\/wp\/v2\/comments?post=575"}],"version-history":[{"count":13,"href":"https:\/\/metrom.ro\/en\/wp-json\/wp\/v2\/pages\/575\/revisions"}],"predecessor-version":[{"id":1795,"href":"https:\/\/metrom.ro\/en\/wp-json\/wp\/v2\/pages\/575\/revisions\/1795"}],"wp:attachment":[{"href":"https:\/\/metrom.ro\/en\/wp-json\/wp\/v2\/media?parent=575"}],"curies":[{"name":"wp","href":"https:\/\/api.w.org\/{rel}","templated":true}]}}