{"id":521,"date":"2017-05-16T11:37:08","date_gmt":"2017-05-16T11:37:08","guid":{"rendered":"http:\/\/metrom.adteam.ro\/?page_id=521"},"modified":"2026-03-28T16:24:07","modified_gmt":"2026-03-28T16:24:07","slug":"declaratii-de-avere-si-interese","status":"publish","type":"page","link":"https:\/\/metrom.ro\/en\/declaratii-de-avere-si-interese\/","title":{"rendered":"Declarations of assets and interests"},"content":{"rendered":"<div class=\"metrom-interest-page\">\n\n  <section class=\"metrom-interest-hero\">\n    <div class=\"metrom-interest-hero-inner\">\n      <p class=\"metrom-section-kicker\">INFORMATION OF INTEREST<\/p>\n      <h1 class=\"metrom-interest-title\">Declara\u021bii de avere \u0219i interese<\/h1>\n      <p class=\"metrom-interest-lead\">\n        \u00cen aceast\u0103 sec\u021biune sunt publicate declara\u021biile de avere \u0219i declara\u021biile de interese,\n        organizate pe ani, conform documentelor puse la dispozi\u021bie \u00een arhiva public\u0103 a societ\u0103\u021bii.\n      <\/p>\n    <\/div>\n  <\/section>\n\n  <section class=\"metrom-interest-section\">\n    <div class=\"metrom-section-head\">\n      <p class=\"metrom-section-kicker\">ARHIV\u0102 PE ANI<\/p>\n      <h2>Declara\u021bii publicate<\/h2>\n    <\/div>\n\n    <div class=\"metrom-years-grid\">\n      <a href=\"#\" class=\"metrom-year-card metrom-year-card--disabled\">\n        <span class=\"metrom-year-card-label\">AN<\/span>\n        <strong>2026<\/strong>\n      <\/a>\n\n      <a href=\"https:\/\/metrom.ro\/en\/declaratii-de-avere-si-interese-2025\/\" class=\"metrom-year-card\">\n        <span class=\"metrom-year-card-label\">AN<\/span>\n        <strong>2025<\/strong>\n      <\/a>\n\n      <a href=\"https:\/\/metrom.ro\/en\/declaratii-de-avere-si-interese-2024\/\" class=\"metrom-year-card\">\n        <span class=\"metrom-year-card-label\">AN<\/span>\n        <strong>2024<\/strong>\n      <\/a>\n\n      <a href=\"https:\/\/metrom.ro\/en\/declaratii-de-avere-si-interese-2023\/\" class=\"metrom-year-card\">\n        <span class=\"metrom-year-card-label\">AN<\/span>\n        <strong>2023<\/strong>\n      <\/a>\n\n      <a href=\"https:\/\/metrom.ro\/en\/declaratii-de-avere-si-interese-2022\/\" class=\"metrom-year-card\">\n        <span class=\"metrom-year-card-label\">AN<\/span>\n        <strong>2022<\/strong>\n      <\/a>\n\n      <a href=\"https:\/\/metrom.ro\/en\/declaratii-de-avere-si-interese-2021\/\" class=\"metrom-year-card\">\n        <span class=\"metrom-year-card-label\">AN<\/span>\n        <strong>2021<\/strong>\n      <\/a>\n\n      <a href=\"https:\/\/metrom.ro\/en\/declaratii-de-avere-si-interese-2020\/\" class=\"metrom-year-card\">\n        <span class=\"metrom-year-card-label\">AN<\/span>\n        <strong>2020<\/strong>\n      <\/a>\n\n      <a href=\"https:\/\/metrom.ro\/en\/declaratii-de-avere-si-interese-2019\/\" class=\"metrom-year-card\">\n        <span class=\"metrom-year-card-label\">AN<\/span>\n        <strong>2019<\/strong>\n      <\/a>\n\n      <a href=\"https:\/\/metrom.ro\/en\/declaratii-de-avere-si-interese-2018\/\" class=\"metrom-year-card\">\n        <span class=\"metrom-year-card-label\">AN<\/span>\n        <strong>2018<\/strong>\n      <\/a>\n\n     \n\n    <\/div>\n  <\/section>\n\n  <section class=\"metrom-interest-cta-section\">\n    <div class=\"metrom-interest-cta\">\n      <div class=\"metrom-interest-cta-text\">\n        <p class=\"metrom-section-kicker\">CONTACT<\/p>\n        <h2>Pentru informa\u021bii suplimentare privind documentele publicate, contacta\u021bi-ne.<\/h2>\n        <p>\n          Str. Carpa\u021bilor 60, Brasov 500269<br>\n          Tel: 0734 889555 ; 0268 332 077<br>\n          Fax: 0268 310 866<br>\n          Email: metrom.metrom@gmail.com\n        <\/p>\n      <\/div>\n\n      <div class=\"metrom-interest-cta-actions\">\n        <a href=\"\/en\/contact\/\" class=\"metrom-btn metrom-btn-primary\">Contact<\/a>\n        <a href=\"mailto:metrom.metrom@gmail.com\" class=\"metrom-btn metrom-btn-secondary\">Send email<\/a>\n      <\/div>\n    <\/div>\n  <\/section>\n\n<\/div>","protected":false},"excerpt":{"rendered":"<p>INFORMA\u021aII DE INTERES Declara\u021bii de avere \u0219i interese \u00cen aceast\u0103 sec\u021biune sunt publicate declara\u021biile de avere \u0219i declara\u021biile de interese, organizate pe ani, conform documentelor puse la dispozi\u021bie \u00een arhiva public\u0103 a societ\u0103\u021bii. ARHIV\u0102 PE ANI Declara\u021bii publicate AN 2026 AN 2025 AN 2024 AN 2023 AN 2022 AN 2021 AN 2020 AN 2019 AN&#8230;<\/p>","protected":false},"author":1,"featured_media":0,"parent":0,"menu_order":0,"comment_status":"closed","ping_status":"closed","template":"template-full-width.php","meta":{"_kad_post_transparent":"","_kad_post_title":"","_kad_post_layout":"","_kad_post_sidebar_id":"","_kad_post_content_style":"","_kad_post_vertical_padding":"","_kad_post_feature":"","_kad_post_feature_position":"","_kad_post_header":false,"_kad_post_footer":false,"_kad_post_classname":"","footnotes":""},"class_list":["post-521","page","type-page","status-publish","hentry"],"_links":{"self":[{"href":"https:\/\/metrom.ro\/en\/wp-json\/wp\/v2\/pages\/521","targetHints":{"allow":["GET"]}}],"collection":[{"href":"https:\/\/metrom.ro\/en\/wp-json\/wp\/v2\/pages"}],"about":[{"href":"https:\/\/metrom.ro\/en\/wp-json\/wp\/v2\/types\/page"}],"author":[{"embeddable":true,"href":"https:\/\/metrom.ro\/en\/wp-json\/wp\/v2\/users\/1"}],"replies":[{"embeddable":true,"href":"https:\/\/metrom.ro\/en\/wp-json\/wp\/v2\/comments?post=521"}],"version-history":[{"count":24,"href":"https:\/\/metrom.ro\/en\/wp-json\/wp\/v2\/pages\/521\/revisions"}],"predecessor-version":[{"id":1863,"href":"https:\/\/metrom.ro\/en\/wp-json\/wp\/v2\/pages\/521\/revisions\/1863"}],"wp:attachment":[{"href":"https:\/\/metrom.ro\/en\/wp-json\/wp\/v2\/media?parent=521"}],"curies":[{"name":"wp","href":"https:\/\/api.w.org\/{rel}","templated":true}]}}