{"id":515,"date":"2017-05-16T11:35:40","date_gmt":"2017-05-16T11:35:40","guid":{"rendered":"http:\/\/metrom.adteam.ro\/?page_id=515"},"modified":"2026-03-28T15:54:53","modified_gmt":"2026-03-28T15:54:53","slug":"vanzari-mijloace-fixe","status":"publish","type":"page","link":"https:\/\/metrom.ro\/en\/vanzari-mijloace-fixe\/","title":{"rendered":"Vanzari mijloace fixe"},"content":{"rendered":"<div class=\"metrom-interest-page\">\n\n  <section class=\"metrom-interest-hero\">\n    <div class=\"metrom-interest-hero-inner\">\n      <p class=\"metrom-section-kicker\">INFORMATION OF INTEREST<\/p>\n      <h1 class=\"metrom-interest-title\">V\u00e2nz\u0103ri mijloace fixe<\/h1>\n      <p class=\"metrom-interest-lead\">\n        \u00cen aceast\u0103 sec\u021biune sunt publicate documentele privind valorificarea\n        mijloacelor fixe \u0219i a obiectelor de inventar de natura mijloacelor fixe.\n      <\/p>\n    <\/div>\n  <\/section>\n\n  <section class=\"metrom-interest-section\">\n    <div class=\"metrom-section-head\">\n      <p class=\"metrom-section-kicker\">DOCUMENTE PUBLICATE<\/p>\n      <h2>Document activ<\/h2>\n    <\/div>\n\n    <div class=\"metrom-docs-list\">\n      <a href=\"https:\/\/metrom.ro\/wp-content\/uploads\/2022\/10\/Lista-licitatie-mijloace-fixe_compressed.pdf\" target=\"_blank\" rel=\"noopener\" class=\"metrom-doc-link\">\n        Lista cu pre\u021burile de pornire la licita\u021bie pentru mijloacele fixe \u0219i a obiectelor de inventar de natura mijloacelor fixe scoase la licita\u021bie de S. Metrom S.A.\n      <\/a>\n    <\/div>\n  <\/section>\n\n  <section class=\"metrom-interest-section metrom-interest-section--soft\">\n    <div class=\"metrom-interest-info-grid\">\n      <article class=\"metrom-interest-info-card\">\n        <p class=\"metrom-section-kicker\">INFORMA\u021aII GENERALE<\/p>\n        <h3>Participare la licita\u021bie<\/h3>\n        <p>\n          Documentul publicat include lista bunurilor scoase la licita\u021bie, pre\u021burile de pornire\n          \u0219i informa\u021biile privind participarea la procedur\u0103.\n        <\/p>\n        <p>\n          \u00cen func\u021bie de actualiz\u0103ri, aceast\u0103 sec\u021biune poate include documente noi privind\n          v\u00e2nzarea de mijloace fixe.\n        <\/p>\n      <\/article>\n\n      <article class=\"metrom-interest-info-card\">\n        <p class=\"metrom-section-kicker\">ISTORIC<\/p>\n        <h3>Pagina de istoric<\/h3>\n        <p>\n          Linkul \u201eCite\u0219te\u201d din pagina actual\u0103 duce c\u0103tre pagina \u201eIstoric\u201d, care prezint\u0103\n          compania, activitatea \u0219i contextul general al platformei Metrom.\n        <\/p>\n        <div class=\"metrom-doc-actions\">\n          <a href=\"https:\/\/metrom.ro\/en\/istoric\/\" target=\"_blank\" rel=\"noopener\" class=\"metrom-btn metrom-btn-primary\">Deschide pagina Istoric<\/a>\n        <\/div>\n      <\/article>\n    <\/div>\n  <\/section>\n\n  <section class=\"metrom-interest-section\">\n    <div class=\"metrom-interest-note\">\n      <p class=\"metrom-section-kicker\">NOT\u0102<\/p>\n      <h2>Actualizare documente<\/h2>\n      <p>\n        Pentru continuitate \u0219i conformitate, documentele istorice publicate ar trebui p\u0103strate \u00een arhiv\u0103,\n        iar documentele noi pot fi ad\u0103ugate \u00een aceast\u0103 sec\u021biune pe m\u0103sur\u0103 ce sunt publicate.\n      <\/p>\n    <\/div>\n  <\/section>\n\n  <section class=\"metrom-interest-cta-section\">\n    <div class=\"metrom-interest-cta\">\n      <div class=\"metrom-interest-cta-text\">\n        <p class=\"metrom-section-kicker\">CONTACT<\/p>\n        <h2>Pentru informa\u021bii suplimentare privind documentele publicate, contacta\u021bi-ne.<\/h2>\n        <p>\n          Str. Carpa\u021bilor 60, Brasov 500269<br>\n          Tel: 0734 889555 ; 0268 332 077<br>\n          Fax: 0268 310 866<br>\n          Email: metrom.metrom@gmail.com\n        <\/p>\n      <\/div>\n\n      <div class=\"metrom-interest-cta-actions\">\n        <a href=\"\/en\/contact\/\" class=\"metrom-btn metrom-btn-primary\">Contact<\/a>\n        <a href=\"mailto:metrom.metrom@gmail.com\" class=\"metrom-btn metrom-btn-secondary\">Send email<\/a>\n      <\/div>\n    <\/div>\n  <\/section>\n\n<\/div>","protected":false},"excerpt":{"rendered":"<p>INFORMA\u021aII DE INTERES V\u00e2nz\u0103ri mijloace fixe \u00cen aceast\u0103 sec\u021biune sunt publicate documentele privind valorificarea mijloacelor fixe \u0219i a obiectelor de inventar de natura mijloacelor fixe. DOCUMENTE PUBLICATE Document activ Lista cu pre\u021burile de pornire la licita\u021bie pentru mijloacele fixe \u0219i a obiectelor de inventar de natura mijloacelor fixe scoase la licita\u021bie de S. Metrom S.A&#8230;.<\/p>","protected":false},"author":1,"featured_media":0,"parent":0,"menu_order":0,"comment_status":"closed","ping_status":"closed","template":"template-full-width.php","meta":{"_kad_post_transparent":"","_kad_post_title":"","_kad_post_layout":"","_kad_post_sidebar_id":"","_kad_post_content_style":"","_kad_post_vertical_padding":"","_kad_post_feature":"","_kad_post_feature_position":"","_kad_post_header":false,"_kad_post_footer":false,"_kad_post_classname":"","footnotes":""},"class_list":["post-515","page","type-page","status-publish","hentry"],"_links":{"self":[{"href":"https:\/\/metrom.ro\/en\/wp-json\/wp\/v2\/pages\/515","targetHints":{"allow":["GET"]}}],"collection":[{"href":"https:\/\/metrom.ro\/en\/wp-json\/wp\/v2\/pages"}],"about":[{"href":"https:\/\/metrom.ro\/en\/wp-json\/wp\/v2\/types\/page"}],"author":[{"embeddable":true,"href":"https:\/\/metrom.ro\/en\/wp-json\/wp\/v2\/users\/1"}],"replies":[{"embeddable":true,"href":"https:\/\/metrom.ro\/en\/wp-json\/wp\/v2\/comments?post=515"}],"version-history":[{"count":10,"href":"https:\/\/metrom.ro\/en\/wp-json\/wp\/v2\/pages\/515\/revisions"}],"predecessor-version":[{"id":1842,"href":"https:\/\/metrom.ro\/en\/wp-json\/wp\/v2\/pages\/515\/revisions\/1842"}],"wp:attachment":[{"href":"https:\/\/metrom.ro\/en\/wp-json\/wp\/v2\/media?parent=515"}],"curies":[{"name":"wp","href":"https:\/\/api.w.org\/{rel}","templated":true}]}}