{"id":508,"date":"2017-05-16T11:33:13","date_gmt":"2017-05-16T11:33:13","guid":{"rendered":"http:\/\/metrom.adteam.ro\/?page_id=508"},"modified":"2026-03-29T16:27:18","modified_gmt":"2026-03-29T16:27:18","slug":"situatii-financiare","status":"publish","type":"page","link":"https:\/\/metrom.ro\/en\/situatii-financiare\/","title":{"rendered":"Financial statements"},"content":{"rendered":"<div class=\"metrom-interest-page\">\n\n  <section class=\"metrom-interest-hero\">\n    <div class=\"metrom-interest-hero-inner\">\n      <p class=\"metrom-section-kicker\">INFORMATION OF INTEREST<\/p>\n      <h1 class=\"metrom-interest-title\">Situa\u021bii financiare<\/h1>\n      <p class=\"metrom-interest-lead\">\n        \u00cen aceast\u0103 sec\u021biune sunt publicate situa\u021biile financiare \u0219i documentele conexe,\n        organizate pe ani, \u00een formatul original disponibil \u00een arhiva companiei.\n      <\/p>\n    <\/div>\n  <\/section>\n\n  <section class=\"metrom-interest-section\">\n    <div class=\"metrom-section-head\">\n      <p class=\"metrom-section-kicker\">DOCUMENTS ARCHIVE<\/p>\n      <h2>Situa\u021bii financiare publicate<\/h2>\n    <\/div>\n\n    <div class=\"metrom-aga-section\">\n\n      <!-- 2026 -->\n      <div class=\"metrom-aga-year-block\">\n        <div class=\"metrom-aga-year-title\">2026<\/div>\n        <div class=\"metrom-aga-list\">\n          <div class=\"metrom-aga-empty\">The documents will be published.<\/div>\n        <\/div>\n      <\/div>\n\n      <!-- 2025 -->\n      <div class=\"metrom-aga-year-block\">\n        <div class=\"metrom-aga-year-title\">2025<\/div>\n        <div class=\"metrom-aga-list\">\n          <a href=\"https:\/\/metrom.ro\/wp-content\/uploads\/2026\/01\/CHELTUIELI-TOTALE-CU-PERSONALUL-2023-2025.pdf\" target=\"_blank\" rel=\"noopener\" class=\"metrom-aga-item\">Cheltuieli totale cu personalul 2023\u20132025<\/a>\n          <a href=\"https:\/\/metrom.ro\/wp-content\/uploads\/2026\/01\/Datorii-si-plati-restante-PONDERE-la-31.12.2025.pdf\" target=\"_blank\" rel=\"noopener\" class=\"metrom-aga-item\">Datorii \u0219i pl\u0103\u021bi restante \u2013 PONDERE la 31.12.2025<\/a>\n          <a href=\"https:\/\/metrom.ro\/wp-content\/uploads\/2026\/01\/Propuneri-buget-2023-2025.pdf\" target=\"_blank\" rel=\"noopener\" class=\"metrom-aga-item\">Propuneri buget 2023\u20132025<\/a>\n          <a href=\"https:\/\/metrom.ro\/wp-content\/uploads\/2025\/12\/BILANT-30.06.2025-1.pdf\" target=\"_blank\" rel=\"noopener\" class=\"metrom-aga-item\">Bilan\u021b \u2013 06.2025<\/a>\n          <a href=\"https:\/\/metrom.ro\/wp-content\/uploads\/2025\/11\/RAPORT-ADMINISTRATORI-30.06.2025-2.pdf\" target=\"_blank\" rel=\"noopener\" class=\"metrom-aga-item\">Raportul administratorilor la 30.06.2025<\/a>\n          <a href=\"https:\/\/metrom.ro\/wp-content\/uploads\/2025\/11\/RAPORT-AUDIT-30.06.2025.pdf\" target=\"_blank\" rel=\"noopener\" class=\"metrom-aga-item\">Raport audit 30.06.2025<\/a>\n        <\/div>\n      <\/div>\n\n      <!-- 2024 -->\n      <div class=\"metrom-aga-year-block\">\n        <div class=\"metrom-aga-year-title\">2024<\/div>\n        <div class=\"metrom-aga-list\">\n          <a href=\"https:\/\/metrom.ro\/wp-content\/uploads\/2024\/09\/bilant_30.06.2024_14531223.pdf\" target=\"_blank\" rel=\"noopener\" class=\"metrom-aga-item\">Bilan\u021b \u2013 06.2024<\/a>\n          <a href=\"https:\/\/metrom.ro\/wp-content\/uploads\/2026\/01\/BILANT-31.12.2024.pdf\" target=\"_blank\" rel=\"noopener\" class=\"metrom-aga-item\">Bilan\u021b \u2013 12.2024<\/a>\n          <a href=\"https:\/\/metrom.ro\/wp-content\/uploads\/2026\/01\/RAPORT-AUDIT-2024.pdf\" target=\"_blank\" rel=\"noopener\" class=\"metrom-aga-item\">Raport audit 2024<\/a>\n          <a href=\"https:\/\/metrom.ro\/wp-content\/uploads\/2025\/05\/Raport-adm-31.12.2024_compressed.pdf\" target=\"_blank\" rel=\"noopener\" class=\"metrom-aga-item\">Raport administrator la 31.12.2024<\/a>\n          <a href=\"https:\/\/metrom.ro\/wp-content\/uploads\/2025\/11\/SUBVENTII-PRIMITE-DE-LA-BUGET-2024.pdf\" target=\"_blank\" rel=\"noopener\" class=\"metrom-aga-item\">Subven\u021bii primite de la buget 2024<\/a>\n          <a href=\"https:\/\/metrom.ro\/wp-content\/uploads\/2025\/11\/SITUATIA-DATORIILOR-SI-PLATI-RESTANTE-31.12.2025.pdf\" target=\"_blank\" rel=\"noopener\" class=\"metrom-aga-item\">Situa\u021bia datoriilor \u0219i pl\u0103\u021bilor restante la 31.12.2024<\/a>\n          <a href=\"https:\/\/metrom.ro\/wp-content\/uploads\/2025\/11\/CHELTUIELI-TOTALE-CU-PERSONALUL-202220232024-1.pdf\" target=\"_blank\" rel=\"noopener\" class=\"metrom-aga-item\">Cheltuieli totale cu personalul 2022\u20132024<\/a>\n        <\/div>\n      <\/div>\n\n      <!-- 2023 -->\n      <div class=\"metrom-aga-year-block\">\n        <div class=\"metrom-aga-year-title\">2023<\/div>\n        <div class=\"metrom-aga-list\">\n          <a href=\"https:\/\/metrom.ro\/wp-content\/uploads\/2024\/09\/bilant_14531223_30.06.2023.pdf\" target=\"_blank\" rel=\"noopener\" class=\"metrom-aga-item\">Bilan\u021b \u2013 06.2023<\/a>\n          <a href=\"https:\/\/lucru.metrom.ro\/wp-content\/uploads\/2024\/09\/bilant_14531223_31.12.2023.pdf\" target=\"_blank\" rel=\"noopener\" class=\"metrom-aga-item\">Bilan\u021b \u2013 12.2023<\/a>\n          <a href=\"https:\/\/metrom.ro\/wp-content\/uploads\/2024\/09\/RAPORT-ADMINISTRATORILOR-LA-31.12.2023-1.pdf\" target=\"_blank\" rel=\"noopener\" class=\"metrom-aga-item\">Raport administrator<\/a>\n          <a href=\"https:\/\/metrom.ro\/wp-content\/uploads\/2024\/09\/RAPORTUL-AUDITORULUI-1.pdf\" target=\"_blank\" rel=\"noopener\" class=\"metrom-aga-item\">Raport auditor<\/a>\n        <\/div>\n      <\/div>\n\n      <!-- 2022 -->\n      <div class=\"metrom-aga-year-block\">\n        <div class=\"metrom-aga-year-title\">2022<\/div>\n        <div class=\"metrom-aga-list\">\n          <a href=\"https:\/\/metrom.ro\/wp-content\/uploads\/2022\/11\/Bilant-ANAF-30.06.2022.pdf\" target=\"_blank\" rel=\"noopener\" class=\"metrom-aga-item\">Bilan\u021b \u2013 06.2022<\/a>\n          <a href=\"https:\/\/lucru.metrom.ro\/wp-content\/uploads\/2024\/09\/bilant_14531223_31.12.2022.pdf\" target=\"_blank\" rel=\"noopener\" class=\"metrom-aga-item\">Bilan\u021b \u2013 12.2022<\/a>\n          <a href=\"https:\/\/lucru.metrom.ro\/wp-content\/uploads\/2022\/11\/Raport-Administrator-30.06.2022.pdf\" target=\"_blank\" rel=\"noopener\" class=\"metrom-aga-item\">Raport administrator<\/a>\n          <a href=\"https:\/\/metrom.ro\/wp-content\/uploads\/2024\/09\/RAPORT-AUDIT-31.12.2022-1.pdf\" target=\"_blank\" rel=\"noopener\" class=\"metrom-aga-item\">Raport auditor<\/a>\n        <\/div>\n      <\/div>\n\n      <!-- 2021 -->\n      <div class=\"metrom-aga-year-block\">\n        <div class=\"metrom-aga-year-title\">2021<\/div>\n        <div class=\"metrom-aga-list\">\n          <a href=\"https:\/\/metrom.ro\/wp-content\/uploads\/2021\/08\/BILANT30.06.2021.pdf\" target=\"_blank\" rel=\"noopener\" class=\"metrom-aga-item\">Bilan\u021b \u2013 06.2021<\/a>\n          <a href=\"https:\/\/metrom.ro\/wp-content\/uploads\/2021\/08\/BILANT30.06.2021.pdf\" target=\"_blank\" rel=\"noopener\" class=\"metrom-aga-item\">Bilan\u021b \u2013 12.2021<\/a>\n          <a href=\"https:\/\/metrom.ro\/wp-content\/uploads\/2022\/07\/RAPORT-ADMINISTRATOR.pdf\" target=\"_blank\" rel=\"noopener\" class=\"metrom-aga-item\">Raport administrator<\/a>\n          <a href=\"https:\/\/metrom.ro\/wp-content\/uploads\/2022\/07\/RAPORT-AUDIT.pdf\" target=\"_blank\" rel=\"noopener\" class=\"metrom-aga-item\">Raport auditor<\/a>\n        <\/div>\n      <\/div>\n\n      <!-- 2020 -->\n      <div class=\"metrom-aga-year-block\">\n        <div class=\"metrom-aga-year-title\">2020<\/div>\n        <div class=\"metrom-aga-list\">\n          <a href=\"https:\/\/metrom.ro\/wp-content\/uploads\/2021\/06\/Raport-adm.pdf\" target=\"_blank\" rel=\"noopener\" class=\"metrom-aga-item\">Raport administrator<\/a>\n          <a href=\"https:\/\/metrom.ro\/wp-content\/uploads\/2021\/06\/Raport-auditor.pdf\" target=\"_blank\" rel=\"noopener\" class=\"metrom-aga-item\">Raport auditor<\/a>\n          <a href=\"https:\/\/metrom.ro\/wp-content\/uploads\/2021\/06\/BILANT.pdf\" target=\"_blank\" rel=\"noopener\" class=\"metrom-aga-item\">Bilan\u021b<\/a>\n          <a href=\"https:\/\/metrom.ro\/wp-content\/uploads\/2017\/05\/Plan-anual-de-achizitii.pdf\" target=\"_blank\" rel=\"noopener\" class=\"metrom-aga-item\">Plan anual de achizi\u021bii<\/a>\n        <\/div>\n      <\/div>\n\n      <!-- 2019 -->\n      <div class=\"metrom-aga-year-block\">\n        <div class=\"metrom-aga-year-title\">2019<\/div>\n        <div class=\"metrom-aga-list\">\n          <a href=\"https:\/\/metrom.ro\/wp-content\/uploads\/2021\/02\/Situatie-financiara-2019.pdf\" target=\"_blank\" rel=\"noopener\" class=\"metrom-aga-item\">Situa\u021bie financiar\u0103 2019<\/a>\n          <a href=\"https:\/\/metrom.ro\/wp-content\/uploads\/2021\/02\/Raport-audit-2019.pdf\" target=\"_blank\" rel=\"noopener\" class=\"metrom-aga-item\">Raport audit 2019<\/a>\n          <a href=\"https:\/\/metrom.ro\/wp-content\/uploads\/2021\/02\/Raport-al-administratorilor-2019.pdf\" target=\"_blank\" rel=\"noopener\" class=\"metrom-aga-item\">Raport al administratorilor 2019<\/a>\n        <\/div>\n      <\/div>\n\n      <!-- 2018 -->\n      <div class=\"metrom-aga-year-block\">\n        <div class=\"metrom-aga-year-title\">2018<\/div>\n        <div class=\"metrom-aga-list\">\n          <a href=\"https:\/\/metrom.ro\/wp-content\/uploads\/2019\/10\/Raport-auditor-extern-2018.pdf\" target=\"_blank\" rel=\"noopener\" class=\"metrom-aga-item\">Raport auditor extern 2018<\/a>\n          <a href=\"https:\/\/metrom.ro\/wp-content\/uploads\/2018\/10\/Raport-al-Administratorilor.pdf\" target=\"_blank\" rel=\"noopener\" class=\"metrom-aga-item\">Raportul administratorilor<\/a>\n          <a href=\"https:\/\/metrom.ro\/wp-content\/uploads\/2021\/08\/Situatii-financiare-2018-semI.pdf\" target=\"_blank\" rel=\"noopener\" class=\"metrom-aga-item\">Situa\u021bie financiar\u0103 la 30.06.2018<\/a>\n          <a href=\"https:\/\/metrom.ro\/wp-content\/uploads\/2018\/10\/Hotariri-AGA-16.04-3.09.2018.pdf\" target=\"_blank\" rel=\"noopener\" class=\"metrom-aga-item\">Hot\u0103r\u00e2ri AGA 16.04\u20133.09.2018<\/a>\n          <a href=\"https:\/\/metrom.ro\/wp-content\/uploads\/2019\/06\/Raport-al-Administratorilor_31-12-2018.pdf\" target=\"_blank\" rel=\"noopener\" class=\"metrom-aga-item\">Raport al administratorilor 31.12.2018<\/a>\n          <a href=\"https:\/\/metrom.ro\/wp-content\/uploads\/2019\/06\/Situatii-financiare_31-12-2018.pdf\" target=\"_blank\" rel=\"noopener\" class=\"metrom-aga-item\">Situa\u021bii financiare 31.12.2018<\/a>\n          <a href=\"https:\/\/metrom.ro\/wp-content\/uploads\/2019\/06\/Hotarare-AGA_06-2019.pdf\" target=\"_blank\" rel=\"noopener\" class=\"metrom-aga-item\">Hot\u0103r\u00e2re AGA 06.2019<\/a>\n        <\/div>\n      <\/div>\n\n      <!-- 2017 -->\n      <div class=\"metrom-aga-year-block\">\n        <div class=\"metrom-aga-year-title\">2017<\/div>\n        <div class=\"metrom-aga-list\">\n          <a href=\"https:\/\/metrom.ro\/wp-content\/uploads\/2018\/06\/Raport-auditor-extern.pdf\" target=\"_blank\" rel=\"noopener\" class=\"metrom-aga-item\">Raport auditor extern<\/a>\n          <a href=\"https:\/\/metrom.ro\/wp-content\/uploads\/2018\/06\/Raport-al-Administratorilor.pdf\" target=\"_blank\" rel=\"noopener\" class=\"metrom-aga-item\">Raportul administratorilor<\/a>\n          <a href=\"https:\/\/metrom.ro\/wp-content\/uploads\/2018\/06\/Hotarare-AGA.pdf\" target=\"_blank\" rel=\"noopener\" class=\"metrom-aga-item\">Hot\u0103r\u00e2re AGA<\/a>\n          <a href=\"https:\/\/metrom.ro\/wp-content\/uploads\/2018\/06\/Situatii-financiare-2017.pdf\" target=\"_blank\" rel=\"noopener\" class=\"metrom-aga-item\">Situa\u021bie financiar\u0103 la 31.12.2017<\/a>\n        <\/div>\n      <\/div>\n\n      <!-- 2016 -->\n      <div class=\"metrom-aga-year-block\">\n        <div class=\"metrom-aga-year-title\">2016<\/div>\n        <div class=\"metrom-aga-list\">\n          <!-- Ambele titluri exist\u0103 \u00een pagina oficial\u0103, dar clickul public a returnat Internal Error -->\n          <a href=\"https:\/\/metrom.ro\/en\/situatii-financiare\/\" target=\"_blank\" rel=\"noopener\" class=\"metrom-aga-item\">Raportul administratorilor an 2016<\/a>\n          <a href=\"https:\/\/metrom.ro\/en\/situatii-financiare\/\" target=\"_blank\" rel=\"noopener\" class=\"metrom-aga-item\">Situa\u021bia financiar\u0103 la 31.12.2016<\/a>\n        <\/div>\n      <\/div>\n\n    <\/div>\n  <\/section>\n\n  <section class=\"metrom-interest-section metrom-interest-section--soft\">\n    <div class=\"metrom-interest-info-grid\">\n      <article class=\"metrom-interest-info-card\">\n        <p class=\"metrom-section-kicker\">FORMAT<\/p>\n        <h3>Fi\u0219iere originale<\/h3>\n        <p>\n          Documentele sunt p\u0103strate \u0219i publicate \u00een formatul original disponibil\n          \u00een arhiva existent\u0103 a companiei.\n        <\/p>\n      <\/article>\n\n      <article class=\"metrom-interest-info-card\">\n        <p class=\"metrom-section-kicker\">NOT\u0102<\/p>\n        <h3>Actualizare anual\u0103<\/h3>\n        <p>\n          Structura este preg\u0103tit\u0103 pentru completarea anilor urm\u0103tori, prin ad\u0103ugarea\n          documentelor noi \u00een sec\u021biunea anului corespunz\u0103tor.\n        <\/p>\n      <\/article>\n    <\/div>\n  <\/section>\n\n  <section class=\"metrom-interest-cta-section\">\n    <div class=\"metrom-interest-cta\">\n      <div class=\"metrom-interest-cta-text\">\n        <p class=\"metrom-section-kicker\">CONTACT<\/p>\n        <h2>Pentru informa\u021bii suplimentare privind documentele publicate, contacta\u021bi-ne.<\/h2>\n        <p>\n          Str. Carpa\u021bilor 60, Brasov 500269<br>\n          Tel: 0734 889555 ; 0268 332 077<br>\n          Fax: 0268 310 866<br>\n          Email: metrom.metrom@gmail.com\n        <\/p>\n      <\/div>\n\n      <div class=\"metrom-interest-cta-actions\">\n        <a href=\"\/en\/contact\/\" class=\"metrom-btn metrom-btn-primary\">Contact<\/a>\n        <a href=\"mailto:metrom.metrom@gmail.com\" class=\"metrom-btn metrom-btn-secondary\">Send email<\/a>\n      <\/div>\n    <\/div>\n  <\/section>\n\n<\/div>","protected":false},"excerpt":{"rendered":"<p>INFORMA\u021aII DE INTERES Situa\u021bii financiare \u00cen aceast\u0103 sec\u021biune sunt publicate situa\u021biile financiare \u0219i documentele conexe, organizate pe ani, \u00een formatul original disponibil \u00een arhiva companiei. ARHIV\u0102 DOCUMENTE Situa\u021bii financiare publicate 2026 Documentele vor fi publicate. 2025 Cheltuieli totale cu personalul 2023\u20132025 Datorii \u0219i pl\u0103\u021bi restante \u2013 PONDERE la 31.12.2025 Propuneri buget 2023\u20132025 Bilan\u021b \u2013 06.2025&#8230;<\/p>","protected":false},"author":1,"featured_media":0,"parent":0,"menu_order":0,"comment_status":"closed","ping_status":"closed","template":"","meta":{"_kad_post_transparent":"","_kad_post_title":"","_kad_post_layout":"","_kad_post_sidebar_id":"","_kad_post_content_style":"","_kad_post_vertical_padding":"","_kad_post_feature":"","_kad_post_feature_position":"","_kad_post_header":false,"_kad_post_footer":false,"_kad_post_classname":"","footnotes":""},"class_list":["post-508","page","type-page","status-publish","hentry"],"_links":{"self":[{"href":"https:\/\/metrom.ro\/en\/wp-json\/wp\/v2\/pages\/508","targetHints":{"allow":["GET"]}}],"collection":[{"href":"https:\/\/metrom.ro\/en\/wp-json\/wp\/v2\/pages"}],"about":[{"href":"https:\/\/metrom.ro\/en\/wp-json\/wp\/v2\/types\/page"}],"author":[{"embeddable":true,"href":"https:\/\/metrom.ro\/en\/wp-json\/wp\/v2\/users\/1"}],"replies":[{"embeddable":true,"href":"https:\/\/metrom.ro\/en\/wp-json\/wp\/v2\/comments?post=508"}],"version-history":[{"count":30,"href":"https:\/\/metrom.ro\/en\/wp-json\/wp\/v2\/pages\/508\/revisions"}],"predecessor-version":[{"id":1923,"href":"https:\/\/metrom.ro\/en\/wp-json\/wp\/v2\/pages\/508\/revisions\/1923"}],"wp:attachment":[{"href":"https:\/\/metrom.ro\/en\/wp-json\/wp\/v2\/media?parent=508"}],"curies":[{"name":"wp","href":"https:\/\/api.w.org\/{rel}","templated":true}]}}