{"id":496,"date":"2017-05-16T11:28:11","date_gmt":"2017-05-16T11:28:11","guid":{"rendered":"http:\/\/metrom.adteam.ro\/?page_id=496"},"modified":"2026-03-28T14:59:13","modified_gmt":"2026-03-28T14:59:13","slug":"licitatii-in-curs","status":"publish","type":"page","link":"https:\/\/metrom.ro\/en\/licitatii-in-curs\/","title":{"rendered":"Licitatii lansate"},"content":{"rendered":"<div class=\"metrom-interest-page\">\n\n  <section class=\"metrom-interest-hero\">\n    <div class=\"metrom-interest-hero-inner\">\n      <p class=\"metrom-section-kicker\">INFORMATION OF INTEREST<\/p>\n      <h1 class=\"metrom-interest-title\">Licitatii \u00een curs<\/h1>\n      <p class=\"metrom-interest-lead\">\n        \u00cen aceast\u0103 sec\u021biune sunt publicate anun\u021burile \u0219i documentele relevante pentru\n        licita\u021biile \u0219i procedurile aflate \u00een desf\u0103\u0219urare, precum \u0219i arhiva principalelor\n        proceduri anterioare.\n      <\/p>\n    <\/div>\n  <\/section>\n\n  <section class=\"metrom-interest-section\">\n    <div class=\"metrom-section-head\">\n      <p class=\"metrom-section-kicker\">ACTIV<\/p>\n      <h2>Licitatii \u00een curs<\/h2>\n    <\/div>\n\n    <div class=\"metrom-docs-grid\">\n      <article class=\"metrom-doc-card metrom-doc-card--highlight\">\n        <h3>Lista pre\u021buri de pornire la licita\u021bie \u2013 Bunuri publice primite \u00een administrare<\/h3>\n        <p>Document publicat ca licita\u021bie \u00een curs.<\/p>\n        <div class=\"metrom-doc-actions\">\n          <a href=\"https:\/\/metrom.ro\/wp-content\/uploads\/2026\/01\/Lista-cu-preturile-de-pornire.pdf\" target=\"_blank\" rel=\"noopener\" class=\"metrom-btn metrom-btn-primary\">Deschide PDF<\/a>\n        <\/div>\n      <\/article>\n    <\/div>\n  <\/section>\n\n  <section class=\"metrom-interest-section metrom-interest-section--soft\">\n    <div class=\"metrom-section-head\">\n      <p class=\"metrom-section-kicker\">ARHIV\u0102<\/p>\n      <h2>Proceduri \u0219i documente publicate<\/h2>\n    <\/div>\n\n    <div class=\"metrom-docs-grid\">\n\n      <article class=\"metrom-doc-card\">\n        <h3>Achizi\u021bie grup electrogen<\/h3>\n        <div class=\"metrom-link-list\">\n          <a href=\"https:\/\/lucru.metrom.ro\/wp-content\/uploads\/2019\/10\/Invitatie-de-participare-Caiet-de-sarcini.pdf\" target=\"_blank\" rel=\"noopener\">Invita\u021bie de participare \u2013 Caiet de sarcini<\/a>\n          <a href=\"https:\/\/lucru.metrom.ro\/wp-content\/uploads\/2019\/12\/Anunt-atribuire.pdf\" target=\"_blank\" rel=\"noopener\">Anun\u021b atribuire<\/a>\n        <\/div>\n      <\/article>\n\n      <article class=\"metrom-doc-card\">\n        <h3>Licitatii mijloace fixe<\/h3>\n        <div class=\"metrom-link-list\">\n          <a href=\"https:\/\/lucru.metrom.ro\/wp-content\/uploads\/2020\/07\/Licitatii-mijloace-fixe_2020.pdf\" target=\"_blank\" rel=\"noopener\">Licitatii mijloace fixe 2020<\/a>\n          <a href=\"https:\/\/metrom.ro\/wp-content\/uploads\/2021\/04\/Licitatii-mijloace-fixe-2021.pdf\" target=\"_blank\" rel=\"noopener\">Licitatii mijloace fixe 2021<\/a>\n          <a href=\"https:\/\/drive.google.com\/drive\/folders\/1yf0MmerCA5BaTR1t0jwznVVUlsMhqun-?usp=sharing\" target=\"_blank\" rel=\"noopener\">Licitatii mijloace fixe 2022<\/a>\n          <a href=\"https:\/\/metrom.ro\/wp-content\/uploads\/2023\/04\/Licitatie-Mijloace-Fixe-Metrom-Aprile-2023.pdf\" target=\"_blank\" rel=\"noopener\">Licitatii mijloace fixe 2023<\/a>\n          <a href=\"https:\/\/metrom.ro\/wp-content\/uploads\/2023\/11\/Licitatie-S-Metrom-SA.pdf\" target=\"_blank\" rel=\"noopener\">Licitatie S. Metrom S.A. \u2013 Noi 2023<\/a>\n        <\/div>\n      <\/article>\n\n      <article class=\"metrom-doc-card\">\n        <h3>Studiu de fezabilitate \u2013 Retehnologizare linie fabrica\u021bie bimetal<\/h3>\n        <div class=\"metrom-link-list\">\n          <a href=\"https:\/\/lucru.metrom.ro\/wp-content\/uploads\/2017\/07\/Anunt-consultare-piata-MC0007396.pdf\" target=\"_blank\" rel=\"noopener\">Anun\u021b consultare pia\u021b\u0103 MC0007396<\/a>\n          <a href=\"https:\/\/lucru.metrom.ro\/wp-content\/uploads\/2017\/07\/Caiet-sarcini-Studiu-fezabil.-bimetal-.pdf\" target=\"_blank\" rel=\"noopener\">Caiet sarcini studiu fezabilitate bimetal<\/a>\n          <a href=\"https:\/\/lucru.metrom.ro\/wp-content\/uploads\/2017\/07\/Tema-proiectare-Studiu-fez.bimetal-.pdf\" target=\"_blank\" rel=\"noopener\">Tema proiectare \u2013 studiu fezabilitate bimetal<\/a>\n        <\/div>\n      <\/article>\n\n      <article class=\"metrom-doc-card\">\n        <h3>Achizi\u021bie \u2013 Sistem de m\u0103surare band\u0103 B2<\/h3>\n        <div class=\"metrom-link-list\">\n          <a href=\"https:\/\/lucru.metrom.ro\/wp-content\/uploads\/2020\/08\/Anunt-participare-Achizitie-Sistem-de-masurare-banda-B2.pdf\" target=\"_blank\" rel=\"noopener\">Anun\u021b participare \u2013 Sistem de m\u0103surare band\u0103 B2<\/a>\n          <a href=\"https:\/\/lucru.metrom.ro\/wp-content\/uploads\/2020\/08\/Caiet-de-sarcini.pdf\" target=\"_blank\" rel=\"noopener\">Caiet de sarcini<\/a>\n          <a href=\"https:\/\/lucru.metrom.ro\/wp-content\/uploads\/2020\/08\/Tema-tehnica.pdf\" target=\"_blank\" rel=\"noopener\">Tema tehnic\u0103<\/a>\n        <\/div>\n      <\/article>\n\n      <article class=\"metrom-doc-card\">\n        <h3>Instala\u021bie de filtrare a gazelor \u0219i particulelor<\/h3>\n        <div class=\"metrom-link-list\">\n          <a href=\"https:\/\/lucru.metrom.ro\/wp-content\/uploads\/2017\/05\/Anunt-de-participare-simplificat-nr.407855.pdf\" target=\"_blank\" rel=\"noopener\">Anun\u021b de participare simplificat nr. 407855<\/a>\n          <a href=\"https:\/\/lucru.metrom.ro\/wp-content\/uploads\/2017\/05\/Caiet-de-sarcini.pdf\" target=\"_blank\" rel=\"noopener\">Caiet de sarcini<\/a>\n          <a href=\"https:\/\/lucru.metrom.ro\/wp-content\/uploads\/2017\/05\/Fisa-date-SEAP.pdf\" target=\"_blank\" rel=\"noopener\">Fi\u0219a de date SEAP<\/a>\n        <\/div>\n      <\/article>\n\n      <article class=\"metrom-doc-card\">\n        <h3>Licitatii pentru \u00eenchiriere<\/h3>\n        <div class=\"metrom-link-list\">\n          <a href=\"https:\/\/lucru.metrom.ro\/wp-content\/uploads\/2021\/02\/oferta-licitatie-2021.pdf\" target=\"_blank\" rel=\"noopener\">Ofert\u0103 licita\u021bie 2021<\/a>\n          <a href=\"https:\/\/lucru.metrom.ro\/wp-content\/uploads\/2020\/08\/Oferta-inchiriere-active-2020.pdf\" target=\"_blank\" rel=\"noopener\">Ofert\u0103 \u00eenchiriere active 2020<\/a>\n          <a href=\"https:\/\/lucru.metrom.ro\/wp-content\/uploads\/2019\/07\/Oferta-de-inchiriere.pdf\" target=\"_blank\" rel=\"noopener\">Ofert\u0103 de \u00eenchiriere 2019<\/a>\n        <\/div>\n      <\/article>\n\n    <\/div>\n  <\/section>\n\n  <section class=\"metrom-interest-section\">\n    <div class=\"metrom-interest-note\">\n      <p class=\"metrom-section-kicker\">NOT\u0102<\/p>\n      <h2>Actualizare documente<\/h2>\n      <p>\n        Pentru procedurile active, recomand\u0103m verificarea periodic\u0103 a documentelor publicate.\n        \u00cen func\u021bie de actualiz\u0103ri, sec\u021biunea poate include anun\u021buri noi, documente revizuite\n        sau informa\u021bii privind atribuirea.\n      <\/p>\n    <\/div>\n  <\/section>\n\n  <section class=\"metrom-interest-cta-section\">\n    <div class=\"metrom-interest-cta\">\n      <div class=\"metrom-interest-cta-text\">\n        <p class=\"metrom-section-kicker\">CONTACT<\/p>\n        <h2>Pentru informa\u021bii suplimentare privind procedurile publicate, contacta\u021bi-ne.<\/h2>\n        <p>\n          Str. Carpa\u021bilor 60, Brasov 500269<br>\n          Tel: 0734 889555 \/ 0268 332 077<br>\n          Email: metrom.metrom@gmail.com\n        <\/p>\n      <\/div>\n\n      <div class=\"metrom-interest-cta-actions\">\n        <a href=\"\/en\/contact\/\" class=\"metrom-btn metrom-btn-primary\">Contact<\/a>\n        <a href=\"mailto:metrom.metrom@gmail.com\" class=\"metrom-btn metrom-btn-secondary\">Send email<\/a>\n      <\/div>\n    <\/div>\n  <\/section>\n\n<\/div>","protected":false},"excerpt":{"rendered":"<p>INFORMA\u021aII DE INTERES Licitatii \u00een curs \u00cen aceast\u0103 sec\u021biune sunt publicate anun\u021burile \u0219i documentele relevante pentru licita\u021biile \u0219i procedurile aflate \u00een desf\u0103\u0219urare, precum \u0219i arhiva principalelor proceduri anterioare. ACTIV Licitatii \u00een curs Lista pre\u021buri de pornire la licita\u021bie \u2013 Bunuri publice primite \u00een administrare Document publicat ca licita\u021bie \u00een curs. Deschide PDF ARHIV\u0102 Proceduri \u0219i&#8230;<\/p>","protected":false},"author":1,"featured_media":0,"parent":0,"menu_order":0,"comment_status":"closed","ping_status":"closed","template":"template-full-width.php","meta":{"_kad_post_transparent":"","_kad_post_title":"","_kad_post_layout":"","_kad_post_sidebar_id":"","_kad_post_content_style":"","_kad_post_vertical_padding":"","_kad_post_feature":"","_kad_post_feature_position":"","_kad_post_header":false,"_kad_post_footer":false,"_kad_post_classname":"","footnotes":""},"class_list":["post-496","page","type-page","status-publish","hentry"],"_links":{"self":[{"href":"https:\/\/metrom.ro\/en\/wp-json\/wp\/v2\/pages\/496","targetHints":{"allow":["GET"]}}],"collection":[{"href":"https:\/\/metrom.ro\/en\/wp-json\/wp\/v2\/pages"}],"about":[{"href":"https:\/\/metrom.ro\/en\/wp-json\/wp\/v2\/types\/page"}],"author":[{"embeddable":true,"href":"https:\/\/metrom.ro\/en\/wp-json\/wp\/v2\/users\/1"}],"replies":[{"embeddable":true,"href":"https:\/\/metrom.ro\/en\/wp-json\/wp\/v2\/comments?post=496"}],"version-history":[{"count":32,"href":"https:\/\/metrom.ro\/en\/wp-json\/wp\/v2\/pages\/496\/revisions"}],"predecessor-version":[{"id":1819,"href":"https:\/\/metrom.ro\/en\/wp-json\/wp\/v2\/pages\/496\/revisions\/1819"}],"wp:attachment":[{"href":"https:\/\/metrom.ro\/en\/wp-json\/wp\/v2\/media?parent=496"}],"curies":[{"name":"wp","href":"https:\/\/api.w.org\/{rel}","templated":true}]}}