{"id":464,"date":"2017-05-15T13:59:16","date_gmt":"2017-05-15T13:59:16","guid":{"rendered":"http:\/\/metrom.adteam.ro\/?page_id=464"},"modified":"2017-06-26T10:43:13","modified_gmt":"2017-06-26T10:43:13","slug":"legislatie","status":"publish","type":"page","link":"https:\/\/metrom.ro\/en\/legislatie\/","title":{"rendered":"Legislatie"},"content":{"rendered":"<div id=\"metaslider-id-181\" style=\"max-width: 985px; margin: 0 auto;\" class=\"ml-slider-3-107-0 metaslider metaslider-coin metaslider-181 ml-slider ms-theme-default\" role=\"region\" aria-label=\"Diapozitiv Nou\" data-height=\"340\" data-width=\"985\">\n    <div id=\"metaslider_container_181\">\n        <div id='metaslider_181' class='coin-slider'>\n<a href=\"javascript:void(0)\" target=\"_self\"><img loading=\"lazy\" decoding=\"async\" src=\"https:\/\/metrom.ro\/wp-content\/uploads\/2017\/03\/table-de-cupru-table-de-alama-945x326.jpg\" height=\"340\" width=\"985\" alt=\"\" class=\"slider-181 slide-183 msDefaultImage\" style=\"display: none;\" \/><\/a>\n<a href=\"javascript:void(0)\" target=\"_self\"><img loading=\"lazy\" decoding=\"async\" src=\"https:\/\/metrom.ro\/wp-content\/uploads\/2017\/03\/tabla-de-cupru-945x326.jpg\" height=\"340\" width=\"985\" alt=\"\" class=\"slider-181 slide-433 msDefaultImage\" style=\"display: none;\" \/><\/a>\n<a href=\"javascript:void(0)\" target=\"_self\"><img loading=\"lazy\" decoding=\"async\" src=\"https:\/\/metrom.ro\/wp-content\/uploads\/2017\/03\/rondele-pentru-munitia-de-artilerie-945x326.jpg\" height=\"340\" width=\"985\" alt=\"\" class=\"slider-181 slide-434 msDefaultImage\" style=\"display: none;\" \/><\/a>\n<a href=\"javascript:void(0)\" target=\"_self\"><img loading=\"lazy\" decoding=\"async\" src=\"https:\/\/metrom.ro\/wp-content\/uploads\/2017\/03\/rondele-monetare-945x326.jpg\" height=\"340\" width=\"985\" alt=\"\" class=\"slider-181 slide-435 msDefaultImage\" style=\"display: none;\" \/><\/a>\n<a href=\"javascript:void(0)\" target=\"_self\"><img loading=\"lazy\" decoding=\"async\" src=\"https:\/\/metrom.ro\/wp-content\/uploads\/2017\/03\/producator-de-neferoase-cupru-alama-in-romania-945x326.jpg\" height=\"340\" width=\"985\" alt=\"\" class=\"slider-181 slide-436 msDefaultImage\" style=\"display: none;\" \/><\/a>\n<a href=\"javascript:void(0)\" target=\"_self\"><img loading=\"lazy\" decoding=\"async\" src=\"https:\/\/metrom.ro\/wp-content\/uploads\/2017\/03\/degetare-pentru-munitia-de-infanterie-945x326.jpg\" height=\"340\" width=\"985\" alt=\"\" class=\"slider-181 slide-437 msDefaultImage\" style=\"display: none;\" \/><\/a>\n<a href=\"javascript:void(0)\" target=\"_self\"><img loading=\"lazy\" decoding=\"async\" src=\"https:\/\/metrom.ro\/wp-content\/uploads\/2017\/03\/benzi-de-cupru-945x326.jpg\" height=\"340\" width=\"985\" alt=\"\" class=\"slider-181 slide-438 msDefaultImage\" style=\"display: none;\" \/><\/a>\n<a href=\"javascript:void(0)\" target=\"_self\"><img loading=\"lazy\" decoding=\"async\" src=\"https:\/\/metrom.ro\/wp-content\/uploads\/2017\/03\/turnatorie-blocuri-neferoase-945x326.jpg\" height=\"340\" width=\"985\" alt=\"\" class=\"slider-181 slide-439 msDefaultImage\" style=\"display: none;\" \/><\/a>\n<a href=\"javascript:void(0)\" target=\"_self\"><img loading=\"lazy\" decoding=\"async\" src=\"https:\/\/metrom.ro\/wp-content\/uploads\/2017\/03\/benzi-de-alama-945x326.jpg\" height=\"340\" width=\"985\" alt=\"\" class=\"slider-181 slide-440 msDefaultImage\" style=\"display: none;\" \/><\/a>\n        <\/div>\n        \n    <\/div>\n<\/div>\n<p>S.METROM S.A. este unic producator de tabla de cupru, banda de&nbsp;cupru si banda de alama ca produse civile&nbsp;si&nbsp;componente de munitie pentru armament (degetare pentru munitia mica de infanterie discuri si rondele pentru munitia de artilerie) ca produse&nbsp;militare.<\/p>\n<p><a class=\"ow-button-hover\" href=\"https:\/\/lucru.metrom.ro\/istoric\/#istoric\"><br \/>\n<span><br \/>\nCiteste \t\t<\/span><br \/>\n<\/a><\/p>\n<p>&#8211; Hot\u0103r\u00e2re de Guvern nr. 952\/27.09.2001 pentru modificarea \u015fi completarea Hot\u0103r\u00e2rii Guvernului nr. 979\/2000 privind \u00eenfiin\u0163area Companiei Na\u0163ionale \u201cRomarm\u201d \u2013 S.A., prin fuziunea Societ\u0103\u0163ii Na\u0163ionale \u201cRomarm\u201d \u2013 S.A. cu Regia Autonom\u0103 \u201cArsenalul Armatei\u201d;<\/p>\n<p>&#8211; Legea nr. 31 din 16 noiembrie 1990 republicat\u0103, privind societ\u0103\u0163ile, cu modific\u0103rile \u015fi complet\u0103rile ulterioare;<\/p>\n<p>&#8211; Ordonan\u0163a de Urgen\u0163\u0103 nr. 95 din 20 iunie 2002 privind industria de ap\u0103rare cu modific\u0103rile \u015fi complet\u0103rile ulterioare;<\/p>\n<p>&#8211; Legea nr. 44 din 21 ianuarie 2003 pentru aprobarea Ordonan\u0163ei de Urgen\u0163\u0103 nr. 95 din 20 iunie 2002 privind industria de ap\u0103rare;<\/p>\n<p>&#8211; Hot\u0103r\u00e2re de Guvern nr. 1.597 din 18 decembrie 2002 pentru aprobarea Normelor metodologice de aplicare a<\/p>\n<p>&#8211; Ordonan\u0163ei de urgen\u0163\u0103 a Guvernului nr. 95\/2002 privind industria de ap\u0103rare;<\/p>\n<p>&#8211; Legea nr. 232\/2016 privind industria na\u0163ional\u0103 de ap\u0103rare, precum \u015fi pentru modificarea \u015fi completarea unor acte normative (\u00cen vigoare de la 04.01.2017)<\/p>\n<p>&#8211; Hot\u0103r\u00e2rea Guvernului nr. 703 din 11 iulie 2012 pentru stabilirea activit\u0103\u0163ilor prev\u0103zute de art. 10 din Ordonan\u0163a de urgen\u0163\u0103 a Guvernului nr. 95\/2002 privind industria de ap\u0103rare, pentru aprobarea num\u0103rului mediu maxim de personal pe anul 2012 pentru operatorii economici din industria de ap\u0103rare, care desf\u0103\u015foar\u0103 aceste activit\u0103\u0163i, precum \u015fi pentru modificarea anexelor nr. 4 \u015fi 4a la Normele metodologice de aplicare a Ordonan\u0163ei de urgen\u0163\u0103 a Guvernului nr. 95\/2002 privind industria de ap\u0103rare, aprobate prin Hot\u0103r\u00e2rea Guvernului 1.597\/2002<\/p>\n<p>&#8211; Legea nr.477\/2003 privind preg\u0103tirea economiei na\u0163ionale \u015fi a teritoriului pentru ap\u0103rare, cu modific\u0103rile \u015fi complet\u0103rile ulterioare<\/p>\n<p>&#8211; Hot\u0103r\u00e2rea Guvernului nr.370\/2004 pentru aprobarea Normelor metodologice de aplicare a Legii nr.477\/2003<br \/>\nOrdonan\u0163a de Urgen\u0163\u0103 nr. 88 din 23 decembrie 1997 privind privatizarea societ\u0103\u0163ilor comerciale, cu modific\u0103rile \u015fi complet\u0103rile ulterioare;<\/p>\n<p>&#8211; Legea nr. 137 din 28 martie 2002 privind unele m\u0103suri pentru accelerarea privatiz\u0103rii, cu modific\u0103rile \u015fi complet\u0103rile ulterioare;<\/p>\n<p>&#8211; Hot\u0103r\u00e2re de Guvern nr. 577 din 13 iunie 2002 privind aprobarea Normelor metodologice de aplicare a<\/p>\n<p>&#8211; Ordonan\u0163ei de urgen\u0163\u0103 a Guvernului nr. 88\/1997 privind privatizarea societ\u0103\u0163ilor comerciale, cu modific\u0103rile \u015fi complet\u0103rile ulterioare, \u015fi a Legii nr. 137\/2002 privind unele m\u0103suri pentru accelerarea privatiz\u0103rii, cu modific\u0103rile \u015fi complet\u0103rile ulterioare;<\/p>\n<p>&#8211; Legea nr. 98\/2016 privind achizi\u0163iile publice<\/p>\n<p>&#8211; Hot\u0103r\u00e2re de Guvern nr. 395 din 2 iunie 2016 pentru aprobarea Normelor metodologice de aplicare a prevederilor referitoare la atribuirea contractului de achizi\u0163ie public\u0103\/acordului-cadru din Legea nr. 98\/2016 privind achizi\u0163iile publice<\/p>\n<p>&#8211; REGULAMENT privind organizarea \u015fi desf\u0103\u015furarea \u00een cadrul S. METROM S.A a licita\u0163iilor pentru valorificarea bunurilor mijloace fixe scoase din func\u0163iune, a bunurilor obiecte de inventar natura mijloacelor fixe declasate \u0219i pentru valorificarea componentelor rezultate \u00een urma dezmembr\u0103rii dup\u0103 casare a acestor bunuri<\/p>\n<p>&#8211; Legea nr. 31\/1996 privind regimul monopolului de stat, cu modific\u0103rile \u015fi complet\u0103rile ulterioare;.<\/p>\n<p>&#8211; Legea nr. 307\/2006 privind ap\u0103rarea \u00eempotriva incendiilor, cu modific\u0103rile \u015fi complet\u0103rile ulterioare<\/p>\n<p>&#8211; Ordinul nr. 163\/2007 pentru aprobarea Normelor generale de ap\u0103rare \u00eempotriva incendiilor, cu modific\u0103rile \u015fi complet\u0103rile ulterioare<\/p>\n<p>&#8211; Legea nr. 333\/2003 privind paza obiectivelor, bunurilor, valorilor \u015fi protec\u0163ia persoanelor, cu modific\u0103rile \u015fi complet\u0103rile ulterioare<\/p>","protected":false},"excerpt":{"rendered":"<p>S.METROM S.A. este unic producator de tabla de cupru, banda de&nbsp;cupru si banda de alama ca produse civile&nbsp;si&nbsp;componente de munitie pentru armament (degetare pentru munitia mica de infanterie discuri si rondele pentru munitia de artilerie) ca produse&nbsp;militare. Citeste &#8211; Hot\u0103r\u00e2re de Guvern nr. 952\/27.09.2001 pentru modificarea \u015fi completarea Hot\u0103r\u00e2rii Guvernului nr. 979\/2000 privind \u00eenfiin\u0163area Companiei&#8230;<\/p>","protected":false},"author":1,"featured_media":0,"parent":0,"menu_order":0,"comment_status":"closed","ping_status":"closed","template":"template-full-width.php","meta":{"_kad_post_transparent":"","_kad_post_title":"","_kad_post_layout":"","_kad_post_sidebar_id":"","_kad_post_content_style":"","_kad_post_vertical_padding":"","_kad_post_feature":"","_kad_post_feature_position":"","_kad_post_header":false,"_kad_post_footer":false,"_kad_post_classname":"","footnotes":""},"class_list":["post-464","page","type-page","status-publish","hentry"],"_links":{"self":[{"href":"https:\/\/metrom.ro\/en\/wp-json\/wp\/v2\/pages\/464","targetHints":{"allow":["GET"]}}],"collection":[{"href":"https:\/\/metrom.ro\/en\/wp-json\/wp\/v2\/pages"}],"about":[{"href":"https:\/\/metrom.ro\/en\/wp-json\/wp\/v2\/types\/page"}],"author":[{"embeddable":true,"href":"https:\/\/metrom.ro\/en\/wp-json\/wp\/v2\/users\/1"}],"replies":[{"embeddable":true,"href":"https:\/\/metrom.ro\/en\/wp-json\/wp\/v2\/comments?post=464"}],"version-history":[{"count":11,"href":"https:\/\/metrom.ro\/en\/wp-json\/wp\/v2\/pages\/464\/revisions"}],"predecessor-version":[{"id":619,"href":"https:\/\/metrom.ro\/en\/wp-json\/wp\/v2\/pages\/464\/revisions\/619"}],"wp:attachment":[{"href":"https:\/\/metrom.ro\/en\/wp-json\/wp\/v2\/media?parent=464"}],"curies":[{"name":"wp","href":"https:\/\/api.w.org\/{rel}","templated":true}]}}