{"id":458,"date":"2017-05-15T13:51:47","date_gmt":"2017-05-15T13:51:47","guid":{"rendered":"http:\/\/metrom.adteam.ro\/?page_id=458"},"modified":"2026-03-28T15:52:19","modified_gmt":"2026-03-28T15:52:19","slug":"istoric","status":"publish","type":"page","link":"https:\/\/metrom.ro\/en\/istoric\/","title":{"rendered":"Istoric"},"content":{"rendered":"<div class=\"metrom-history-page\">\n\n  <section class=\"metrom-history-hero\">\n    <div class=\"metrom-history-hero-inner\">\n      <p class=\"metrom-section-kicker\">COMPANIA<\/p>\n      <h1 class=\"metrom-history-title\">Istoric \u0219i profil industrial<\/h1>\n      <p class=\"metrom-history-lead\">\n        S. Metrom S.A. este o companie cu tradi\u021bie industrial\u0103, localizat\u0103 \u00een Bra\u0219ov,\n        cu activitate \u00een domeniul metalurgiei neferoaselor \u0219i al produc\u021biei pentru\n        sectorul civil \u0219i militar.\n      <\/p>\n    <\/div>\n  <\/section>\n\n  <section class=\"metrom-history-section\">\n    <div class=\"metrom-history-grid\">\n      <article class=\"metrom-history-card\">\n        <p class=\"metrom-section-kicker\">PREZENTARE<\/p>\n        <h2>Cine este Metrom<\/h2>\n        <p>\n          Compania a fost \u00eenfiin\u021bat\u0103 \u00een anul 1923 \u0219i are o tradi\u021bie important\u0103 \u00een\n          metalurgia neferoaselor \u0219i \u00een construc\u021bia de ma\u0219ini pentru industria\n          militar\u0103, de securitate \u0219i civil\u0103.\n        <\/p>\n        <p>\n          Metrom este afiliat\u0103 la Compania Na\u021bional\u0103 CN ROMARM SA \u0219i este men\u021bionat\u0103\n          ca membr\u0103 a asocia\u021biei patronale OPIA.\n        <\/p>\n      <\/article>\n\n      <article class=\"metrom-history-card\">\n        <p class=\"metrom-section-kicker\">LOCALIZARE<\/p>\n        <h2>Bra\u0219ov, Rom\u00e2nia<\/h2>\n        <p>\n          S. Metrom S.A. este localizat\u0103 \u00een municipiul Bra\u0219ov, Rom\u00e2nia, pe platforma\n          industrial\u0103 din Strada Carpa\u021bilor 60.\n        <\/p>\n        <div class=\"metrom-history-mini\">\n          <span>Adres\u0103<\/span>\n          <strong>Strada Carpa\u021bilor 60, Bra\u0219ov 500269<\/strong>\n        <\/div>\n      <\/article>\n    <\/div>\n  <\/section>\n\n  <section class=\"metrom-history-section metrom-history-section--soft\">\n    <div class=\"metrom-section-head\">\n      <p class=\"metrom-section-kicker\">ACTIVITATE<\/p>\n      <h2>Domenii \u0219i produse<\/h2>\n    <\/div>\n\n    <div class=\"metrom-history-grid\">\n      <article class=\"metrom-history-card\">\n        <h3>Civil products<\/h3>\n        <p>\n          Metrom este prezentat\u0103 ca unic produc\u0103tor de tabl\u0103 de cupru, band\u0103 de cupru\n          \u0219i band\u0103 de alam\u0103 \u00een zona produselor civile.\n        <\/p>\n      <\/article>\n\n      <article class=\"metrom-history-card\">\n        <h3>Military products<\/h3>\n        <p>\n          \u00cen zona militar\u0103, compania produce componente de muni\u021bie pentru armament,\n          inclusiv degetare pentru muni\u021bia mic\u0103 de infanterie \u0219i discuri\/rondele\n          pentru muni\u021bia de artilerie.\n        <\/p>\n      <\/article>\n\n      <article class=\"metrom-history-card\">\n        <h3>Produse speciale<\/h3>\n        <p>\n          Unul dintre produsele men\u021bionate ca dezvoltare mai nou\u0103 este categoria de\n          rondele monetare din o\u021bel placat \u0219i din alame speciale.\n        <\/p>\n      <\/article>\n\n      <article class=\"metrom-history-card\">\n        <h3>Servicii \u0219i prelucr\u0103ri<\/h3>\n        <p>\n          Pagina oficial\u0103 men\u021bioneaz\u0103 \u0219i execu\u021bia de \u0219tan\u021b\u0103ri de piese, ca parte a\n          activit\u0103\u021bilor industriale realizate de societate.\n        <\/p>\n      <\/article>\n    <\/div>\n  <\/section>\n\n  <section class=\"metrom-history-section\">\n    <div class=\"metrom-section-head\">\n      <p class=\"metrom-section-kicker\">CAPACIT\u0102\u021aI INDUSTRIALE<\/p>\n      <h2>Dot\u0103ri \u0219i flux de produc\u021bie<\/h2>\n    <\/div>\n\n    <div class=\"metrom-history-two-cols\">\n      <article class=\"metrom-info-panel\">\n        <h3>Sec\u021bii \u0219i echipamente<\/h3>\n        <ul class=\"metrom-check-list\">\n          <li>Turn\u0103torie<\/li>\n          <li>Turn\u0103torie blocuri neferoase<\/li>\n          <li>Sec\u021bii pentru neferoase grele<\/li>\n          <li>Laminate plate din cupru \u0219i alam\u0103<\/li>\n        <\/ul>\n      <\/article>\n\n      <article class=\"metrom-info-panel\">\n        <h3>Orientare tehnologic\u0103<\/h3>\n        <p>\n          Compania descrie o direc\u021bie de reorganizare \u0219i retehnologizare, cu accent pe\n          un sistem managerial flexibil, tehnici computerizate \u0219i eficientizarea\n          sistemelor IT.\n        <\/p>\n      <\/article>\n    <\/div>\n  <\/section>\n\n  <section class=\"metrom-history-section metrom-history-section--soft\">\n    <div class=\"metrom-section-head\">\n      <p class=\"metrom-section-kicker\">DEZVOLTARE<\/p>\n      <h2>Direc\u021bie strategic\u0103<\/h2>\n    <\/div>\n\n    <div class=\"metrom-history-grid\">\n      <article class=\"metrom-history-card\">\n        <h3>Investi\u021bii<\/h3>\n        <p>\n          Pagina oficial\u0103 men\u021bioneaz\u0103 investi\u021bii \u00een echipamente \u0219i aparatur\u0103 moderne\n          pentru dezvoltarea produc\u021biei metalurgice \u0219i a construc\u021biei de ma\u0219ini.\n        <\/p>\n      <\/article>\n\n      <article class=\"metrom-history-card\">\n        <h3>Calitate<\/h3>\n        <p>\n          Compania pune accent pe calitate ca element esen\u021bial al activit\u0103\u021bii \u0219i\n          aminte\u0219te existen\u021ba certific\u0103rilor care confirm\u0103 standardele de calitate \u0219i mediu.\n        <\/p>\n      <\/article>\n\n      <article class=\"metrom-history-card\">\n        <h3>Eficien\u021b\u0103<\/h3>\n        <p>\n          Sunt men\u021bionate obiective legate de cre\u0219terea calit\u0103\u021bii produc\u021biei \u0219i\n          reducerea costurilor c\u0103tre clien\u021bi.\n        <\/p>\n      <\/article>\n\n      <article class=\"metrom-history-card\">\n        <h3>RDS \u0219i QA<\/h3>\n        <p>\n          Echipa managerial\u0103 indic\u0103 o orientare c\u0103tre Research Development\/Design Services\n          \u0219i Quality Assurance, \u00eentr-o abordare modern\u0103 \u0219i dinamic\u0103.\n        <\/p>\n      <\/article>\n    <\/div>\n  <\/section>\n\n  <section class=\"metrom-history-cta-section\">\n    <div class=\"metrom-history-cta\">\n      <div class=\"metrom-history-cta-text\">\n        <p class=\"metrom-section-kicker\">CONTACT<\/p>\n        <h2>Pentru informa\u021bii despre companie, produse \u0219i servicii, contacta\u021bi-ne.<\/h2>\n        <p>\n          Strada Carpa\u021bilor 60, Bra\u0219ov 500269<br>\n          Tel: 0734 889555 ; 0268 332 077<br>\n          Fax: 0268 310 866<br>\n          Email: metrom.metrom@gmail.com\n        <\/p>\n      <\/div>\n\n      <div class=\"metrom-history-cta-actions\">\n        <a href=\"\/en\/contact\/\" class=\"metrom-btn metrom-btn-primary\">Contact<\/a>\n        <a href=\"mailto:metrom.metrom@gmail.com\" class=\"metrom-btn metrom-btn-secondary\">Send email<\/a>\n      <\/div>\n    <\/div>\n  <\/section>\n\n<\/div>","protected":false},"excerpt":{"rendered":"<p>COMPANIA Istoric \u0219i profil industrial S. Metrom S.A. este o companie cu tradi\u021bie industrial\u0103, localizat\u0103 \u00een Bra\u0219ov, cu activitate \u00een domeniul metalurgiei neferoaselor \u0219i al produc\u021biei pentru sectorul civil \u0219i militar. PREZENTARE Cine este Metrom Compania a fost \u00eenfiin\u021bat\u0103 \u00een anul 1923 \u0219i are o tradi\u021bie important\u0103 \u00een metalurgia neferoaselor \u0219i \u00een construc\u021bia de ma\u0219ini&#8230;<\/p>","protected":false},"author":1,"featured_media":0,"parent":0,"menu_order":0,"comment_status":"closed","ping_status":"closed","template":"template-full-width.php","meta":{"_kad_post_transparent":"","_kad_post_title":"","_kad_post_layout":"","_kad_post_sidebar_id":"","_kad_post_content_style":"","_kad_post_vertical_padding":"","_kad_post_feature":"","_kad_post_feature_position":"","_kad_post_header":false,"_kad_post_footer":false,"_kad_post_classname":"","footnotes":""},"class_list":["post-458","page","type-page","status-publish","hentry"],"_links":{"self":[{"href":"https:\/\/metrom.ro\/en\/wp-json\/wp\/v2\/pages\/458","targetHints":{"allow":["GET"]}}],"collection":[{"href":"https:\/\/metrom.ro\/en\/wp-json\/wp\/v2\/pages"}],"about":[{"href":"https:\/\/metrom.ro\/en\/wp-json\/wp\/v2\/types\/page"}],"author":[{"embeddable":true,"href":"https:\/\/metrom.ro\/en\/wp-json\/wp\/v2\/users\/1"}],"replies":[{"embeddable":true,"href":"https:\/\/metrom.ro\/en\/wp-json\/wp\/v2\/comments?post=458"}],"version-history":[{"count":7,"href":"https:\/\/metrom.ro\/en\/wp-json\/wp\/v2\/pages\/458\/revisions"}],"predecessor-version":[{"id":1839,"href":"https:\/\/metrom.ro\/en\/wp-json\/wp\/v2\/pages\/458\/revisions\/1839"}],"wp:attachment":[{"href":"https:\/\/metrom.ro\/en\/wp-json\/wp\/v2\/media?parent=458"}],"curies":[{"name":"wp","href":"https:\/\/api.w.org\/{rel}","templated":true}]}}