{"id":340,"date":"2017-05-04T13:31:40","date_gmt":"2017-05-04T13:31:40","guid":{"rendered":"http:\/\/metrom.adteam.ro\/?page_id=340"},"modified":"2026-03-28T13:49:04","modified_gmt":"2026-03-28T13:49:04","slug":"panouri-profilate-din-cupru","status":"publish","type":"page","link":"https:\/\/metrom.ro\/en\/panouri-profilate-din-cupru\/","title":{"rendered":"Panouri"},"content":{"rendered":"<div class=\"metrom-product-page\">\n\n  <section class=\"metrom-product-hero\">\n    <div class=\"metrom-product-hero-inner\">\n      <div class=\"metrom-product-breadcrumb\">\n        <a href=\"\/en\/produse-civile\/\">Civil products<\/a>\n        <span>\u203a<\/span>\n        <span>Panouri profilate<\/span>\n      <\/div>\n\n      <span class=\"metrom-product-badge metrom-product-badge--civil\">CIVIL PRODUCT<\/span>\n\n      <h1 class=\"metrom-product-title\">Panouri profilate din cupru<\/h1>\n\n      <p class=\"metrom-product-lead\">\n        Panouri din cupru Cu 99.9 pentru \u00eenvelirea acoperi\u0219urilor \u0219i ornamente.\n        Imit\u0103 \u021bigla clasic\u0103, sunt rezistente la condi\u021bii climatice dure \u0219i permit\n        un montaj u\u0219or prin f\u0103l\u021buire.\n      <\/p>\n    <\/div>\n  <\/section>\n\n  <section class=\"metrom-product-gallery-section\">\n    <div class=\"metrom-section-head\">\n      <p class=\"metrom-section-kicker\">PRODUCT GALLERY<\/p>\n      <h2>Modele \u0219i aplica\u021bii<\/h2>\n    <\/div>\n\n    <div class=\"metrom-product-gallery\">\n      <a href=\"https:\/\/metrom.ro\/wp-content\/uploads\/2017\/05\/panouri-profilate-de-cupru-6.jpg\" class=\"metrom-gallery-card\">\n        <img decoding=\"async\" src=\"https:\/\/metrom.ro\/wp-content\/uploads\/2017\/05\/panouri-profilate-de-cupru-6.jpg\" alt=\"Panouri profilate din cupru - imagine 1\">\n      <\/a>\n\n      <a href=\"https:\/\/metrom.ro\/wp-content\/uploads\/2017\/05\/panouri-profilate-de-cupru-8.jpg\" class=\"metrom-gallery-card\">\n        <img decoding=\"async\" src=\"https:\/\/metrom.ro\/wp-content\/uploads\/2017\/05\/panouri-profilate-de-cupru-8.jpg\" alt=\"Panouri profilate din cupru - imagine 2\">\n      <\/a>\n\n      <a href=\"https:\/\/metrom.ro\/wp-content\/uploads\/2017\/05\/panouri-profilate-de-cupru-9.jpg\" class=\"metrom-gallery-card\">\n        <img decoding=\"async\" src=\"https:\/\/metrom.ro\/wp-content\/uploads\/2017\/05\/panouri-profilate-de-cupru-9.jpg\" alt=\"Panouri profilate din cupru - imagine 3\">\n      <\/a>\n\n      <a href=\"https:\/\/metrom.ro\/wp-content\/uploads\/2017\/05\/panouri-profilate-de-cupru-3.jpg\" class=\"metrom-gallery-card\">\n        <img decoding=\"async\" src=\"https:\/\/metrom.ro\/wp-content\/uploads\/2017\/05\/panouri-profilate-de-cupru-3.jpg\" alt=\"Panouri profilate din cupru - imagine 4\">\n      <\/a>\n\n      <a href=\"https:\/\/metrom.ro\/wp-content\/uploads\/2017\/05\/panouri-profilate-de-cupru-4.jpg\" class=\"metrom-gallery-card\">\n        <img decoding=\"async\" src=\"https:\/\/metrom.ro\/wp-content\/uploads\/2017\/05\/panouri-profilate-de-cupru-4.jpg\" alt=\"Panouri profilate din cupru - imagine 5\">\n      <\/a>\n\n      <a href=\"https:\/\/metrom.ro\/wp-content\/uploads\/2017\/05\/panouri-profilate-de-cupru-5.jpg\" class=\"metrom-gallery-card\">\n        <img decoding=\"async\" src=\"https:\/\/metrom.ro\/wp-content\/uploads\/2017\/05\/panouri-profilate-de-cupru-5.jpg\" alt=\"Panouri profilate din cupru - imagine 6\">\n      <\/a>\n\n      <a href=\"https:\/\/metrom.ro\/wp-content\/uploads\/2017\/05\/panouri-profilate-de-cupru-1.jpg\" class=\"metrom-gallery-card\">\n        <img decoding=\"async\" src=\"https:\/\/metrom.ro\/wp-content\/uploads\/2017\/05\/panouri-profilate-de-cupru-1.jpg\" alt=\"Panouri profilate din cupru - imagine 7\">\n      <\/a>\n\n      <a href=\"https:\/\/metrom.ro\/wp-content\/uploads\/2017\/05\/panouri-profilate-de-cupru-2.jpg\" class=\"metrom-gallery-card\">\n        <img decoding=\"async\" src=\"https:\/\/metrom.ro\/wp-content\/uploads\/2017\/05\/panouri-profilate-de-cupru-2.jpg\" alt=\"Panouri profilate din cupru - imagine 8\">\n      <\/a>\n    <\/div>\n  <\/section>\n\n  <section class=\"metrom-product-specs-section\">\n    <div class=\"metrom-section-head\">\n      <p class=\"metrom-section-kicker\">SPECIFICATIONS<\/p>\n      <h2>Propriet\u0103\u021bi \u0219i modele disponibile<\/h2>\n    <\/div>\n\n    <div class=\"metrom-product-specs-grid\">\n\n      <article class=\"metrom-spec-card\">\n        <h3>Coam\u0103 (Model Nr. 6)<\/h3>\n        <ul class=\"metrom-spec-list\">\n          <li><strong>Nr. desen:<\/strong> 62558<\/li>\n          <li><strong>Coarse:<\/strong> 0.5 mm<\/li>\n          <li><strong>Lungime acoperire:<\/strong> L = 560 mm<\/li>\n          <li><strong>Greutate:<\/strong> \u2248 1.350 kg<\/li>\n        <\/ul>\n      <\/article>\n\n      <article class=\"metrom-spec-card\">\n        <h3>Solz din cupru (Model Nr. 7)<\/h3>\n        <ul class=\"metrom-spec-list\">\n          <li><strong>Nr. desen:<\/strong> 62601<\/li>\n          <li><strong>Coarse:<\/strong> 0.5 mm<\/li>\n          <li><strong>Lungime \u00eenainte \u00eendoire:<\/strong> L = 500 mm<\/li>\n          <li><strong>L\u0103\u021bime \u00eenainte \u00eendoire:<\/strong> l = 217 mm<\/li>\n          <li><strong>Material:<\/strong> Cupru Cu 99.9 \u2014 stare moale<\/li>\n          <li><strong>Delivery:<\/strong> \u00cen cutii de carton, num\u0103rul de piese variind \u00een func\u021bie de dimensiune<\/li>\n          <li><strong>Destina\u021bie:<\/strong> \u00cenvelirea acoperi\u0219urilor \u0219i ornamente<\/li>\n        <\/ul>\n      <\/article>\n\n    <\/div>\n  <\/section>\n\n  <section class=\"metrom-product-order-section\">\n    <div class=\"metrom-product-order-card\">\n      <div class=\"metrom-section-head\">\n        <p class=\"metrom-section-kicker\">APLICA\u021aII<\/p>\n        <h2>Utilizare \u0219i execu\u021bii la cerere<\/h2>\n      <\/div>\n\n      <p class=\"metrom-order-lead\">\n        Panourile profilate din cupru sunt destinate \u00een special pentru \u00eenvelirea acoperi\u0219urilor\n        \u0219i pentru elemente ornamentale. La cerere, se pot realiza \u0219i alte variante constructive,\n        \u00een func\u021bie de proiect.\n      <\/p>\n    <\/div>\n  <\/section>\n\n  <section class=\"metrom-product-cta-section\">\n    <div class=\"metrom-product-cta\">\n      <div>\n        <p class=\"metrom-section-kicker\">REQUEST A QUOTE<\/p>\n        <h2>For detailed information and customized offers, contact us directly.<\/h2>\n      <\/div>\n\n      <div class=\"metrom-product-cta-actions\">\n        <a href=\"\/en\/contact\/\" class=\"metrom-btn metrom-btn-primary\">Contact us<\/a>\n        <a href=\"tel:0268332077\" class=\"metrom-btn metrom-btn-secondary\">0268 332 077<\/a>\n      <\/div>\n    <\/div>\n  <\/section>\n\n<\/div>","protected":false},"excerpt":{"rendered":"<p>Produse civile \u203a Panouri profilate PRODUS CIVIL Panouri profilate din cupru Panouri din cupru Cu 99.9 pentru \u00eenvelirea acoperi\u0219urilor \u0219i ornamente. Imit\u0103 \u021bigla clasic\u0103, sunt rezistente la condi\u021bii climatice dure \u0219i permit un montaj u\u0219or prin f\u0103l\u021buire. GALERIE PRODUS Modele \u0219i aplica\u021bii SPECIFICA\u021aII Propriet\u0103\u021bi \u0219i modele disponibile Coam\u0103 (Model Nr. 6) Nr. desen: 62558 Grosime:&#8230;<\/p>","protected":false},"author":1,"featured_media":0,"parent":0,"menu_order":0,"comment_status":"closed","ping_status":"closed","template":"template-full-width.php","meta":{"_kad_post_transparent":"","_kad_post_title":"","_kad_post_layout":"","_kad_post_sidebar_id":"","_kad_post_content_style":"","_kad_post_vertical_padding":"","_kad_post_feature":"","_kad_post_feature_position":"","_kad_post_header":false,"_kad_post_footer":false,"_kad_post_classname":"","footnotes":""},"class_list":["post-340","page","type-page","status-publish","hentry"],"_links":{"self":[{"href":"https:\/\/metrom.ro\/en\/wp-json\/wp\/v2\/pages\/340","targetHints":{"allow":["GET"]}}],"collection":[{"href":"https:\/\/metrom.ro\/en\/wp-json\/wp\/v2\/pages"}],"about":[{"href":"https:\/\/metrom.ro\/en\/wp-json\/wp\/v2\/types\/page"}],"author":[{"embeddable":true,"href":"https:\/\/metrom.ro\/en\/wp-json\/wp\/v2\/users\/1"}],"replies":[{"embeddable":true,"href":"https:\/\/metrom.ro\/en\/wp-json\/wp\/v2\/comments?post=340"}],"version-history":[{"count":13,"href":"https:\/\/metrom.ro\/en\/wp-json\/wp\/v2\/pages\/340\/revisions"}],"predecessor-version":[{"id":1773,"href":"https:\/\/metrom.ro\/en\/wp-json\/wp\/v2\/pages\/340\/revisions\/1773"}],"wp:attachment":[{"href":"https:\/\/metrom.ro\/en\/wp-json\/wp\/v2\/media?parent=340"}],"curies":[{"name":"wp","href":"https:\/\/api.w.org\/{rel}","templated":true}]}}