{"id":304,"date":"2017-05-04T07:55:33","date_gmt":"2017-05-04T07:55:33","guid":{"rendered":"http:\/\/metrom.adteam.ro\/?page_id=304"},"modified":"2026-03-28T13:44:49","modified_gmt":"2026-03-28T13:44:49","slug":"table-si-benzi-din-cupru-si-alama-aliaje-din-cupru","status":"publish","type":"page","link":"https:\/\/metrom.ro\/en\/table-si-benzi-din-cupru-si-alama-aliaje-din-cupru\/","title":{"rendered":"Table"},"content":{"rendered":"<div class=\"metrom-product-page\">\n\n  <section class=\"metrom-product-hero\">\n    <div class=\"metrom-product-hero-inner\">\n      <div class=\"metrom-product-breadcrumb\">\n        <a href=\"\/en\/produse-civile\/\">Civil products<\/a>\n        <span>\u203a<\/span>\n        <span>Sheet and strip<\/span>\n      <\/div>\n\n      <span class=\"metrom-product-badge metrom-product-badge--civil\">CIVIL PRODUCT<\/span>\n\n      <h1 class=\"metrom-product-title\">Copper and brass sheet and strip<\/h1>\n\n      <p class=\"metrom-product-lead\">\n        With our technical facilities - non-ferrous block foundry and rolling mill - we produce\n        a wide range of copper and copper alloy (brass) sheet and strip.\n      <\/p>\n    <\/div>\n  <\/section>\n\n <section class=\"metrom-product-gallery-section\">\n  <div class=\"metrom-section-head\">\n    <p class=\"metrom-section-kicker\">PRODUCT GALLERY<\/p>\n    <h2>Representative images<\/h2>\n  <\/div>\n\n  <div class=\"metrom-product-gallery\">\n    <a href=\"https:\/\/metrom.ro\/wp-content\/uploads\/2017\/05\/TABLE-SI-BENZI-1.jpg\" class=\"metrom-gallery-card\">\n      <img decoding=\"async\" src=\"https:\/\/metrom.ro\/wp-content\/uploads\/2017\/05\/TABLE-SI-BENZI-1.jpg\" alt=\"Tabl\u0103 \u0219i benzi din cupru \u0219i alam\u0103 - imagine 1\">\n    <\/a>\n\n    <a href=\"https:\/\/metrom.ro\/wp-content\/uploads\/2017\/05\/TABLE-SI-BENZI-3.jpg\" class=\"metrom-gallery-card\">\n      <img decoding=\"async\" src=\"https:\/\/metrom.ro\/wp-content\/uploads\/2017\/05\/TABLE-SI-BENZI-3.jpg\" alt=\"Tabl\u0103 \u0219i benzi din cupru \u0219i alam\u0103 - imagine 2\">\n    <\/a>\n\n    <a href=\"https:\/\/metrom.ro\/wp-content\/uploads\/2017\/05\/TABLE-SI-BENZI-4.jpg\" class=\"metrom-gallery-card\">\n      <img decoding=\"async\" src=\"https:\/\/metrom.ro\/wp-content\/uploads\/2017\/05\/TABLE-SI-BENZI-4.jpg\" alt=\"Tabl\u0103 \u0219i benzi din cupru \u0219i alam\u0103 - imagine 3\">\n    <\/a>\n\n    <a href=\"https:\/\/metrom.ro\/wp-content\/uploads\/2017\/05\/TABLE-SI-NEZNZI-5.jpg\" class=\"metrom-gallery-card\">\n      <img decoding=\"async\" src=\"https:\/\/metrom.ro\/wp-content\/uploads\/2017\/05\/TABLE-SI-NEZNZI-5.jpg\" alt=\"Tabl\u0103 \u0219i benzi din cupru \u0219i alam\u0103 - imagine 4\">\n    <\/a>\n\n    <a href=\"https:\/\/metrom.ro\/wp-content\/uploads\/2017\/05\/TABLE-SI-BENZI-6.jpg\" class=\"metrom-gallery-card\">\n      <img decoding=\"async\" src=\"https:\/\/metrom.ro\/wp-content\/uploads\/2017\/05\/TABLE-SI-BENZI-6.jpg\" alt=\"Tabl\u0103 \u0219i benzi din cupru \u0219i alam\u0103 - imagine 5\">\n    <\/a>\n\n    <a href=\"https:\/\/metrom.ro\/wp-content\/uploads\/2017\/05\/TABLE-SI-BENZI-7.jpg\" class=\"metrom-gallery-card\">\n      <img decoding=\"async\" src=\"https:\/\/metrom.ro\/wp-content\/uploads\/2017\/05\/TABLE-SI-BENZI-7.jpg\" alt=\"Tabl\u0103 \u0219i benzi din cupru \u0219i alam\u0103 - imagine 6\">\n    <\/a>\n\n    <a href=\"https:\/\/metrom.ro\/wp-content\/uploads\/2017\/05\/TABLE-SI-BENZI-8.jpg\" class=\"metrom-gallery-card\">\n      <img decoding=\"async\" src=\"https:\/\/metrom.ro\/wp-content\/uploads\/2017\/05\/TABLE-SI-BENZI-8.jpg\" alt=\"Tabl\u0103 \u0219i benzi din cupru \u0219i alam\u0103 - imagine 7\">\n    <\/a>\n\n    <a href=\"https:\/\/metrom.ro\/wp-content\/uploads\/2017\/05\/TABLE-SI-BENZI-9.jpg\" class=\"metrom-gallery-card\">\n      <img decoding=\"async\" src=\"https:\/\/metrom.ro\/wp-content\/uploads\/2017\/05\/TABLE-SI-BENZI-9.jpg\" alt=\"Tabl\u0103 \u0219i benzi din cupru \u0219i alam\u0103 - imagine 8\">\n    <\/a>\n  <\/div>\n<\/section>\n\n  <section class=\"metrom-product-specs-section\">\n    <div class=\"metrom-section-head\">\n      <p class=\"metrom-section-kicker\">SPECIFICATIONS<\/p>\n      <h2>Technical specifications and product range<\/h2>\n    <\/div>\n\n    <div class=\"metrom-product-specs-grid\">\n\n      <article class=\"metrom-spec-card\">\n        <h3>Copper and brass sheet<\/h3>\n        <ul class=\"metrom-spec-list\">\n          <li><strong>Coarse:<\/strong> 0.3 - 10 mm<\/li>\n          <li><strong>Width:<\/strong> up to 600 mm<\/li>\n          <li><strong>Length:<\/strong> up to 2000 mm<\/li>\n          <li><strong>Standards:<\/strong> SR-EN, ASTM, DIN, JIS, BS<\/li>\n        <\/ul>\n      <\/article>\n\n      <article class=\"metrom-spec-card\">\n        <h3>Copper and brass strip<\/h3>\n        <ul class=\"metrom-spec-list\">\n          <li><strong>Coarse:<\/strong> 0.2 - 3 mm<\/li>\n          <li><strong>Width:<\/strong> 10 - 600 mm<\/li>\n          <li><strong>Delivery:<\/strong> rolls \/ colaci<\/li>\n          <li><strong>Standards:<\/strong> SR-EN, ASTM, DIN, JIS, BS<\/li>\n        <\/ul>\n      <\/article>\n\n    <\/div>\n  <\/section>\n\n  <section class=\"metrom-product-order-section\">\n    <div class=\"metrom-product-order-card\">\n      <div class=\"metrom-section-head\">\n        <p class=\"metrom-section-kicker\">ORDER<\/p>\n        <h2>Ordering procedure<\/h2>\n      <\/div>\n\n      <p class=\"metrom-order-lead\">\n        To request a quote, it is useful to submit the following information:\n      <\/p>\n\n      <ol class=\"metrom-order-list\">\n        <li>Standard (SR-EN, ASTM, DIN, JIS, BS)<\/li>\n        <li>Alloy and quantity<\/li>\n        <li>Dimensions<\/li>\n        <li>Tolerances<\/li>\n        <li>Delivery status<\/li>\n        <li>Mechanical properties required<\/li>\n        <li>Packaging instructions<\/li>\n        <li>Information on transportation and delivery<\/li>\n      <\/ol>\n    <\/div>\n  <\/section>\n\n  <section class=\"metrom-product-cta-section\">\n    <div class=\"metrom-product-cta\">\n      <div>\n        <p class=\"metrom-section-kicker\">REQUEST A QUOTE<\/p>\n        <h2>For detailed information and customized offers, contact us directly.<\/h2>\n      <\/div>\n\n      <div class=\"metrom-product-cta-actions\">\n        <a href=\"\/en\/contact\/\" class=\"metrom-btn metrom-btn-primary\">Contact us<\/a>\n        <a href=\"tel:0268332077\" class=\"metrom-btn metrom-btn-secondary\">0268 332 077<\/a>\n      <\/div>\n    <\/div>\n  <\/section>\n\n<\/div>","protected":false},"excerpt":{"rendered":"<p>Produse civile \u203a Tabl\u0103 \u0219i benzi PRODUS CIVIL Tabl\u0103 \u0219i benzi din cupru \u0219i alam\u0103 Cu ajutorul dot\u0103rilor tehnice \u2014 turn\u0103torie de blocuri neferoase \u0219i laminor \u2014 producem o gam\u0103 variat\u0103 de tabl\u0103 \u0219i benzi din cupru \u0219i aliaje de cupru (alam\u0103). GALERIE PRODUS Imagini reprezentative SPECIFICA\u021aII Specifica\u021bii tehnice \u0219i gam\u0103 de produse Tabl\u0103 din&#8230;<\/p>","protected":false},"author":1,"featured_media":0,"parent":0,"menu_order":0,"comment_status":"closed","ping_status":"closed","template":"template-full-width.php","meta":{"_kad_post_transparent":"","_kad_post_title":"","_kad_post_layout":"","_kad_post_sidebar_id":"","_kad_post_content_style":"","_kad_post_vertical_padding":"","_kad_post_feature":"","_kad_post_feature_position":"","_kad_post_header":false,"_kad_post_footer":false,"_kad_post_classname":"","footnotes":""},"class_list":["post-304","page","type-page","status-publish","hentry"],"_links":{"self":[{"href":"https:\/\/metrom.ro\/en\/wp-json\/wp\/v2\/pages\/304","targetHints":{"allow":["GET"]}}],"collection":[{"href":"https:\/\/metrom.ro\/en\/wp-json\/wp\/v2\/pages"}],"about":[{"href":"https:\/\/metrom.ro\/en\/wp-json\/wp\/v2\/types\/page"}],"author":[{"embeddable":true,"href":"https:\/\/metrom.ro\/en\/wp-json\/wp\/v2\/users\/1"}],"replies":[{"embeddable":true,"href":"https:\/\/metrom.ro\/en\/wp-json\/wp\/v2\/comments?post=304"}],"version-history":[{"count":19,"href":"https:\/\/metrom.ro\/en\/wp-json\/wp\/v2\/pages\/304\/revisions"}],"predecessor-version":[{"id":1772,"href":"https:\/\/metrom.ro\/en\/wp-json\/wp\/v2\/pages\/304\/revisions\/1772"}],"wp:attachment":[{"href":"https:\/\/metrom.ro\/en\/wp-json\/wp\/v2\/media?parent=304"}],"curies":[{"name":"wp","href":"https:\/\/api.w.org\/{rel}","templated":true}]}}