{"id":291,"date":"2017-05-04T06:46:45","date_gmt":"2017-05-04T06:46:45","guid":{"rendered":"http:\/\/metrom.adteam.ro\/?page_id=291"},"modified":"2026-04-03T08:02:07","modified_gmt":"2026-04-03T08:02:07","slug":"despre-noi-metrom","status":"publish","type":"page","link":"https:\/\/metrom.ro\/en\/despre-noi-metrom\/","title":{"rendered":"About us"},"content":{"rendered":"<div class=\"metrom-about-page\">\n\n  <section class=\"metrom-about-hero\">\n    <div class=\"metrom-about-hero-inner\">\n      <p class=\"metrom-section-kicker\">COMPANIA<\/p>\n      <h1 class=\"metrom-about-title\">O tradi\u021bie de 100 de ani \u00een metalurgia neferoaselor<\/h1>\n      <p class=\"metrom-about-lead\">\n        S. Metrom S.A. este unicul produc\u0103tor rom\u00e2n de tabl\u0103 \u0219i band\u0103 din cupru \u0219i aliaje de cupru,\n        cu activitate continu\u0103 din 1923, localizat \u00een Bra\u0219ov, Rom\u00e2nia.\n      <\/p>\n    <\/div>\n  <\/section>\n\n  <section class=\"metrom-about-intro\">\n    <div class=\"metrom-about-grid\">\n      <div class=\"metrom-info-card\">\n        <p class=\"metrom-section-kicker\">MISIUNE<\/p>\n        <h2>Cine suntem<\/h2>\n        <h3>Misiunea noastr\u0103<\/h3>\n        <p>\n          Producerea de semifabricate neferoase de \u00eenalt\u0103 calitate pentru industria civil\u0103 \u0219i militar\u0103,\n          respect\u00e2nd standardele interna\u021bionale \u0219i nevoile clien\u021bilor tradi\u021bionali \u0219i viitori.\n        <\/p>\n      <\/div>\n\n      <div class=\"metrom-info-card\">\n        <p class=\"metrom-section-kicker\">VALORI<\/p>\n        <h2>Valorile noastre<\/h2>\n        <p>\n          Calitate certificat\u0103, inova\u021bie tehnic\u0103, responsabilitate fa\u021b\u0103 de clien\u021bi \u0219i parteneri,\n          \u0219i angajament fa\u021b\u0103 de dezvoltarea durabil\u0103 \u0219i managementul mediului.\n        <\/p>\n\n        <div class=\"metrom-value-tags\">\n          <span>Calitate<\/span>\n          <span>Inova\u021bie<\/span>\n          <span>Responsabilitate<\/span>\n          <span>Dezvoltare durabil\u0103<\/span>\n        <\/div>\n      <\/div>\n    <\/div>\n  <\/section>\n\n  <section class=\"metrom-history-section\">\n    <div class=\"metrom-section-head\">\n      <p class=\"metrom-section-kicker\">ISTORIE<\/p>\n      <h2>Scurt\u0103 istorie a companiei<\/h2>\n    <\/div>\n\n    <div class=\"metrom-timeline\">\n      <div class=\"metrom-timeline-item\">\n        <div class=\"metrom-timeline-year\">1923<\/div>\n        <div class=\"metrom-timeline-content\">\n          Compania rom\u00e2no-austriac\u0103 Farola \u00eenfiin\u021bat\u0103 pentru fabricarea s\u00e2rmei, tablelor \u0219i cablurilor din cupru.\n        <\/div>\n      <\/div>\n\n      <div class=\"metrom-timeline-item\">\n        <div class=\"metrom-timeline-year\">1935<\/div>\n        <div class=\"metrom-timeline-content\">\n          Prima fabric\u0103 metalurgic\u0103 din Rom\u00e2nia \u00eenfiin\u021bat\u0103 sub numele de Metrom.\n        <\/div>\n      <\/div>\n\n      <div class=\"metrom-timeline-item\">\n        <div class=\"metrom-timeline-year\">1948<\/div>\n        <div class=\"metrom-timeline-content\">\n          Fuziunea Farola \u0219i Metrom \u2014 se formeaz\u0103 SC Metrom SA.\n        <\/div>\n      <\/div>\n\n      <div class=\"metrom-timeline-item\">\n        <div class=\"metrom-timeline-year\">1990+<\/div>\n        <div class=\"metrom-timeline-content\">\n          Specializare pe produse plate neferoase grele \u0219i produse militare.\n        <\/div>\n      <\/div>\n\n      <div class=\"metrom-timeline-item\">\n        <div class=\"metrom-timeline-year\">2005<\/div>\n        <div class=\"metrom-timeline-content\">\n          Modernizare laminor degrosisor Quarto.\n        <\/div>\n      <\/div>\n\n      <div class=\"metrom-timeline-item\">\n        <div class=\"metrom-timeline-year\">2013<\/div>\n        <div class=\"metrom-timeline-content\">\n          Investi\u021bie \u00een utilaje \u0219i tehnologii pentru produc\u021bia de rondele monetare.\n        <\/div>\n      <\/div>\n    <\/div>\n  <\/section>\n\n  <section class=\"metrom-cert-section\">\n    <div class=\"metrom-section-head\">\n      <p class=\"metrom-section-kicker\">CERTIFIC\u0102RI<\/p>\n      <h2>Calitate certificat\u0103<\/h2>\n    <\/div>\n\n    <div class=\"metrom-cert-grid\">\n      <div class=\"metrom-cert-card\">\n        <div class=\"metrom-cert-label\">ISO<\/div>\n        <div class=\"metrom-cert-title\">ISO 9001<\/div>\n        <p>Managementul calit\u0103\u021bii<\/p>\n      <\/div>\n\n      <div class=\"metrom-cert-card\">\n        <div class=\"metrom-cert-label\">ISO<\/div>\n        <div class=\"metrom-cert-title\">ISO 14001<\/div>\n        <p>Managementul mediului<\/p>\n      <\/div>\n    <\/div>\n  <\/section>\n\n  <section class=\"metrom-team-section\">\n    <div class=\"metrom-section-head\">\n      <p class=\"metrom-section-kicker\">CONDUCERE<\/p>\n      <h2>Echipa de conducere<\/h2>\n    <\/div>\n\n    <div class=\"metrom-team-block\">\n      <h3>Conducere executiv\u0103<\/h3>\n      <div class=\"metrom-team-grid\">\n        <div class=\"metrom-team-card\">\n          <div class=\"metrom-team-initials\">CM<\/div>\n          <div class=\"metrom-team-name\">Chfielea Marin<\/div>\n          <div class=\"metrom-team-role\">Director General<\/div>\n        <\/div>\n\n        <div class=\"metrom-team-card\">\n          <div class=\"metrom-team-initials\">SA<\/div>\n          <div class=\"metrom-team-name\">Stan Aurica<\/div>\n          <div class=\"metrom-team-role\">Director Economic<\/div>\n        <\/div>\n\n        <div class=\"metrom-team-card\">\n          <div class=\"metrom-team-initials\">DD<\/div>\n          <div class=\"metrom-team-name\">Dediu Drago\u0219<\/div>\n          <div class=\"metrom-team-role\">Director Comercial<\/div>\n        <\/div>\n      <\/div>\n    <\/div>\n\n    <div class=\"metrom-team-two-cols\">\n      <div class=\"metrom-simple-card\">\n        <h3>Consiliul de Administra\u021bie<\/h3>\n        <ul>\n          <li>Teodorescu Carmen Areta<\/li>\n          <li>Brie Olimpiu Mihail<\/li>\n          <li>Tudose Maria<\/li>\n        <\/ul>\n      <\/div>\n\n      <div class=\"metrom-simple-card\">\n        <h3>Adunarea General\u0103 a Ac\u021bionarilor<\/h3>\n        <ul>\n          <li>St\u0103noiu Elena \u2014 Reprezentant MEDAT<\/li>\n          <li>P\u0103r\u0103uanu Neculai \u2014 Reprezentant CN Romarm<\/li>\n        <\/ul>\n      <\/div>\n    <\/div>\n  <\/section>\n\n<\/div>","protected":false},"excerpt":{"rendered":"<p>COMPANIA O tradi\u021bie de 100 de ani \u00een metalurgia neferoaselor S. Metrom S.A. este unicul produc\u0103tor rom\u00e2n de tabl\u0103 \u0219i band\u0103 din cupru \u0219i aliaje de cupru, cu activitate continu\u0103 din 1923, localizat \u00een Bra\u0219ov, Rom\u00e2nia. MISIUNE Cine suntem Misiunea noastr\u0103 Producerea de semifabricate neferoase de \u00eenalt\u0103 calitate pentru industria civil\u0103 \u0219i militar\u0103, respect\u00e2nd standardele&#8230;<\/p>","protected":false},"author":1,"featured_media":0,"parent":0,"menu_order":0,"comment_status":"closed","ping_status":"closed","template":"","meta":{"_kad_post_transparent":"","_kad_post_title":"","_kad_post_layout":"","_kad_post_sidebar_id":"","_kad_post_content_style":"","_kad_post_vertical_padding":"","_kad_post_feature":"","_kad_post_feature_position":"","_kad_post_header":false,"_kad_post_footer":false,"_kad_post_classname":"","footnotes":""},"class_list":["post-291","page","type-page","status-publish","hentry"],"_links":{"self":[{"href":"https:\/\/metrom.ro\/en\/wp-json\/wp\/v2\/pages\/291","targetHints":{"allow":["GET"]}}],"collection":[{"href":"https:\/\/metrom.ro\/en\/wp-json\/wp\/v2\/pages"}],"about":[{"href":"https:\/\/metrom.ro\/en\/wp-json\/wp\/v2\/types\/page"}],"author":[{"embeddable":true,"href":"https:\/\/metrom.ro\/en\/wp-json\/wp\/v2\/users\/1"}],"replies":[{"embeddable":true,"href":"https:\/\/metrom.ro\/en\/wp-json\/wp\/v2\/comments?post=291"}],"version-history":[{"count":27,"href":"https:\/\/metrom.ro\/en\/wp-json\/wp\/v2\/pages\/291\/revisions"}],"predecessor-version":[{"id":1963,"href":"https:\/\/metrom.ro\/en\/wp-json\/wp\/v2\/pages\/291\/revisions\/1963"}],"wp:attachment":[{"href":"https:\/\/metrom.ro\/en\/wp-json\/wp\/v2\/media?parent=291"}],"curies":[{"name":"wp","href":"https:\/\/api.w.org\/{rel}","templated":true}]}}